{"id":22529,"date":"2025-10-21T13:57:48","date_gmt":"2025-10-21T17:57:48","guid":{"rendered":"https:\/\/www.condoauthorityontario.ca\/issues-dispute-resolution\/mediation-and-arbitration-under-the-condo-act\/finding-a-mediator-or-arbitrator\/"},"modified":"2025-12-10T10:17:02","modified_gmt":"2025-12-10T15:17:02","slug":"finding-a-mediator-or-arbitrator","status":"publish","type":"page","link":"https:\/\/www.condoauthorityontario.ca\/fr\/issues-dispute-resolution\/mediation-and-arbitration-under-the-condo-act\/finding-a-mediator-or-arbitrator\/","title":{"rendered":"Trouver un m\u00e9diateur ou un arbitre"},"content":{"rendered":"","protected":false},"excerpt":{"rendered":"","protected":false},"author":9,"featured_media":0,"parent":22513,"menu_order":2,"comment_status":"closed","ping_status":"closed","template":"","meta":{"_acf_changed":false,"_lmt_disableupdate":"no","_lmt_disable":"","_monsterinsights_skip_tracking":false,"_monsterinsights_sitenote_active":false,"_monsterinsights_sitenote_note":"","_monsterinsights_sitenote_category":0,"footnotes":"","_wp_rev_ctl_limit":""},"class_list":["post-22529","page","type-page","status-publish","hentry"],"acf":[],"yoast_head":"<!-- This site is optimized with the Yoast SEO plugin v27.3 - https:\/\/yoast.com\/product\/yoast-seo-wordpress\/ -->\n<title>Trouver un m\u00e9diateur ou un arbitre - Condo Authority<\/title>\n<meta name=\"description\" content=\"Read about the difference between different types of condos in Ontario. What are freehold and leasehold condos?\" \/>\n<meta name=\"robots\" content=\"index, follow, max-snippet:-1, max-image-preview:large, max-video-preview:-1\" \/>\n<link rel=\"canonical\" href=\"https:\/\/www.condoauthorityontario.ca\/fr\/issues-dispute-resolution\/mediation-and-arbitration-under-the-condo-act\/finding-a-mediator-or-arbitrator\/\" \/>\n<meta property=\"og:locale\" content=\"fr_FR\" \/>\n<meta property=\"og:type\" content=\"article\" \/>\n<meta property=\"og:title\" content=\"Trouver un m\u00e9diateur ou un arbitre - Condo Authority\" \/>\n<meta property=\"og:description\" content=\"Read about the difference between different types of condos in Ontario. What are freehold and leasehold condos?\" \/>\n<meta property=\"og:url\" content=\"https:\/\/www.condoauthorityontario.ca\/fr\/issues-dispute-resolution\/mediation-and-arbitration-under-the-condo-act\/finding-a-mediator-or-arbitrator\/\" \/>\n<meta property=\"og:site_name\" content=\"Office ontarien du secteur des condominiums\" \/>\n<meta property=\"article:modified_time\" content=\"2025-12-10T15:17:02+00:00\" \/>\n<meta name=\"twitter:card\" content=\"summary_large_image\" \/>\n<script type=\"application\/ld+json\" class=\"yoast-schema-graph\">{\"@context\":\"https:\\\/\\\/schema.org\",\"@graph\":[{\"@type\":\"WebPage\",\"@id\":\"https:\\\/\\\/www.condoauthorityontario.ca\\\/fr\\\/issues-dispute-resolution\\\/mediation-and-arbitration-under-the-condo-act\\\/finding-a-mediator-or-arbitrator\\\/\",\"url\":\"https:\\\/\\\/www.condoauthorityontario.ca\\\/fr\\\/issues-dispute-resolution\\\/mediation-and-arbitration-under-the-condo-act\\\/finding-a-mediator-or-arbitrator\\\/\",\"name\":\"Trouver un m\u00e9diateur ou un arbitre - Condo Authority\",\"isPartOf\":{\"@id\":\"https:\\\/\\\/www.condoauthorityontario.ca\\\/fr\\\/#website\"},\"datePublished\":\"2025-10-21T17:57:48+00:00\",\"dateModified\":\"2025-12-10T15:17:02+00:00\",\"description\":\"Read about the difference between different types of condos in Ontario. What are freehold and leasehold condos?\",\"breadcrumb\":{\"@id\":\"https:\\\/\\\/www.condoauthorityontario.ca\\\/fr\\\/issues-dispute-resolution\\\/mediation-and-arbitration-under-the-condo-act\\\/finding-a-mediator-or-arbitrator\\\/#breadcrumb\"},\"inLanguage\":\"fr-FR\",\"potentialAction\":[{\"@type\":\"ReadAction\",\"target\":[\"https:\\\/\\\/www.condoauthorityontario.ca\\\/fr\\\/issues-dispute-resolution\\\/mediation-and-arbitration-under-the-condo-act\\\/finding-a-mediator-or-arbitrator\\\/\"]}]},{\"@type\":\"BreadcrumbList\",\"@id\":\"https:\\\/\\\/www.condoauthorityontario.ca\\\/fr\\\/issues-dispute-resolution\\\/mediation-and-arbitration-under-the-condo-act\\\/finding-a-mediator-or-arbitrator\\\/#breadcrumb\",\"itemListElement\":[{\"@type\":\"ListItem\",\"position\":1,\"name\":\"Accueil\",\"item\":\"https:\\\/\\\/www.condoauthorityontario.ca\\\/fr\\\/\"},{\"@type\":\"ListItem\",\"position\":2,\"name\":\"Probl\u00e8mes et r\u00e8glement des diff\u00e9rends\",\"item\":\"https:\\\/\\\/www.condoauthorityontario.ca\\\/fr\\\/issues-dispute-resolution\\\/\"},{\"@type\":\"ListItem\",\"position\":3,\"name\":\"M\u00e9diation et arbitrage en vertu de la Loi sur les condos\",\"item\":\"https:\\\/\\\/www.condoauthorityontario.ca\\\/fr\\\/issues-dispute-resolution\\\/mediation-and-arbitration-under-the-condo-act\\\/\"},{\"@type\":\"ListItem\",\"position\":4,\"name\":\"Trouver un m\u00e9diateur ou un arbitre\"}]},{\"@type\":\"WebSite\",\"@id\":\"https:\\\/\\\/www.condoauthorityontario.ca\\\/fr\\\/#website\",\"url\":\"https:\\\/\\\/www.condoauthorityontario.ca\\\/fr\\\/\",\"name\":\"Office ontarien du secteur des condominiums\",\"description\":\"\",\"potentialAction\":[{\"@type\":\"SearchAction\",\"target\":{\"@type\":\"EntryPoint\",\"urlTemplate\":\"https:\\\/\\\/www.condoauthorityontario.ca\\\/fr\\\/?s={search_term_string}\"},\"query-input\":{\"@type\":\"PropertyValueSpecification\",\"valueRequired\":true,\"valueName\":\"search_term_string\"}}],\"inLanguage\":\"fr-FR\"}]}<\/script>\n<!-- \/ Yoast SEO plugin. -->","yoast_head_json":{"title":"Trouver un m\u00e9diateur ou un arbitre - Condo Authority","description":"Read about the difference between different types of condos in Ontario. What are freehold and leasehold condos?","robots":{"index":"index","follow":"follow","max-snippet":"max-snippet:-1","max-image-preview":"max-image-preview:large","max-video-preview":"max-video-preview:-1"},"canonical":"https:\/\/www.condoauthorityontario.ca\/fr\/issues-dispute-resolution\/mediation-and-arbitration-under-the-condo-act\/finding-a-mediator-or-arbitrator\/","og_locale":"fr_FR","og_type":"article","og_title":"Trouver un m\u00e9diateur ou un arbitre - Condo Authority","og_description":"Read about the difference between different types of condos in Ontario. What are freehold and leasehold condos?","og_url":"https:\/\/www.condoauthorityontario.ca\/fr\/issues-dispute-resolution\/mediation-and-arbitration-under-the-condo-act\/finding-a-mediator-or-arbitrator\/","og_site_name":"Office ontarien du secteur des condominiums","article_modified_time":"2025-12-10T15:17:02+00:00","twitter_card":"summary_large_image","schema":{"@context":"https:\/\/schema.org","@graph":[{"@type":"WebPage","@id":"https:\/\/www.condoauthorityontario.ca\/fr\/issues-dispute-resolution\/mediation-and-arbitration-under-the-condo-act\/finding-a-mediator-or-arbitrator\/","url":"https:\/\/www.condoauthorityontario.ca\/fr\/issues-dispute-resolution\/mediation-and-arbitration-under-the-condo-act\/finding-a-mediator-or-arbitrator\/","name":"Trouver un m\u00e9diateur ou un arbitre - Condo Authority","isPartOf":{"@id":"https:\/\/www.condoauthorityontario.ca\/fr\/#website"},"datePublished":"2025-10-21T17:57:48+00:00","dateModified":"2025-12-10T15:17:02+00:00","description":"Read about the difference between different types of condos in Ontario. What are freehold and leasehold condos?","breadcrumb":{"@id":"https:\/\/www.condoauthorityontario.ca\/fr\/issues-dispute-resolution\/mediation-and-arbitration-under-the-condo-act\/finding-a-mediator-or-arbitrator\/#breadcrumb"},"inLanguage":"fr-FR","potentialAction":[{"@type":"ReadAction","target":["https:\/\/www.condoauthorityontario.ca\/fr\/issues-dispute-resolution\/mediation-and-arbitration-under-the-condo-act\/finding-a-mediator-or-arbitrator\/"]}]},{"@type":"BreadcrumbList","@id":"https:\/\/www.condoauthorityontario.ca\/fr\/issues-dispute-resolution\/mediation-and-arbitration-under-the-condo-act\/finding-a-mediator-or-arbitrator\/#breadcrumb","itemListElement":[{"@type":"ListItem","position":1,"name":"Accueil","item":"https:\/\/www.condoauthorityontario.ca\/fr\/"},{"@type":"ListItem","position":2,"name":"Probl\u00e8mes et r\u00e8glement des diff\u00e9rends","item":"https:\/\/www.condoauthorityontario.ca\/fr\/issues-dispute-resolution\/"},{"@type":"ListItem","position":3,"name":"M\u00e9diation et arbitrage en vertu de la Loi sur les condos","item":"https:\/\/www.condoauthorityontario.ca\/fr\/issues-dispute-resolution\/mediation-and-arbitration-under-the-condo-act\/"},{"@type":"ListItem","position":4,"name":"Trouver un m\u00e9diateur ou un arbitre"}]},{"@type":"WebSite","@id":"https:\/\/www.condoauthorityontario.ca\/fr\/#website","url":"https:\/\/www.condoauthorityontario.ca\/fr\/","name":"Office ontarien du secteur des condominiums","description":"","potentialAction":[{"@type":"SearchAction","target":{"@type":"EntryPoint","urlTemplate":"https:\/\/www.condoauthorityontario.ca\/fr\/?s={search_term_string}"},"query-input":{"@type":"PropertyValueSpecification","valueRequired":true,"valueName":"search_term_string"}}],"inLanguage":"fr-FR"}]}},"_links":{"self":[{"href":"https:\/\/www.condoauthorityontario.ca\/fr\/wp-json\/wp\/v2\/pages\/22529","targetHints":{"allow":["GET"]}}],"collection":[{"href":"https:\/\/www.condoauthorityontario.ca\/fr\/wp-json\/wp\/v2\/pages"}],"about":[{"href":"https:\/\/www.condoauthorityontario.ca\/fr\/wp-json\/wp\/v2\/types\/page"}],"author":[{"embeddable":true,"href":"https:\/\/www.condoauthorityontario.ca\/fr\/wp-json\/wp\/v2\/users\/9"}],"replies":[{"embeddable":true,"href":"https:\/\/www.condoauthorityontario.ca\/fr\/wp-json\/wp\/v2\/comments?post=22529"}],"version-history":[{"count":0,"href":"https:\/\/www.condoauthorityontario.ca\/fr\/wp-json\/wp\/v2\/pages\/22529\/revisions"}],"up":[{"embeddable":true,"href":"https:\/\/www.condoauthorityontario.ca\/fr\/wp-json\/wp\/v2\/pages\/22513"}],"wp:attachment":[{"href":"https:\/\/www.condoauthorityontario.ca\/fr\/wp-json\/wp\/v2\/media?parent=22529"}],"curies":[{"name":"wp","href":"https:\/\/api.w.org\/{rel}","templated":true}]}}