{"id":15068,"date":"2023-04-28T12:19:40","date_gmt":"2023-04-28T16:19:40","guid":{"rendered":"https:\/\/www.condoauthorityontario.ca\/boards-and-governance-2\/become-a-director\/director-training\/advanced-training\/"},"modified":"2023-09-27T15:22:35","modified_gmt":"2023-09-27T19:22:35","slug":"advanced-training","status":"publish","type":"page","link":"https:\/\/www.condoauthorityontario.ca\/fr\/boards-governance\/director-training\/advanced-training\/","title":{"rendered":"Formation avanc\u00e9e"},"content":{"rendered":"","protected":false},"excerpt":{"rendered":"","protected":false},"author":9,"featured_media":0,"parent":15058,"menu_order":0,"comment_status":"closed","ping_status":"closed","template":"","meta":{"_acf_changed":false,"_lmt_disableupdate":"no","_lmt_disable":"","_monsterinsights_skip_tracking":false,"_monsterinsights_sitenote_active":false,"_monsterinsights_sitenote_note":"","_monsterinsights_sitenote_category":0,"footnotes":"","_wp_rev_ctl_limit":""},"class_list":["post-15068","page","type-page","status-publish","hentry"],"acf":[],"yoast_head":"<!-- This site is optimized with the Yoast SEO plugin v27.3 - https:\/\/yoast.com\/product\/yoast-seo-wordpress\/ -->\n<title>Formation avanc\u00e9e - Office ontarien du secteur des condominiums<\/title>\n<meta name=\"description\" content=\"La formation avanc\u00e9e facultative des administrateurs de condo de l&#039;OOSC comprend des modules et guides d\u00e9taill\u00e9s. La formation est facultative.\" \/>\n<meta name=\"robots\" content=\"index, follow, max-snippet:-1, max-image-preview:large, max-video-preview:-1\" \/>\n<link rel=\"canonical\" href=\"https:\/\/www.condoauthorityontario.ca\/fr\/boards-governance\/director-training\/advanced-training\/\" \/>\n<meta property=\"og:locale\" content=\"fr_FR\" \/>\n<meta property=\"og:type\" content=\"article\" \/>\n<meta property=\"og:title\" content=\"Formation avanc\u00e9e - Office ontarien du secteur des condominiums\" \/>\n<meta property=\"og:description\" content=\"La formation avanc\u00e9e facultative des administrateurs de condo de l&#039;OOSC comprend des modules et guides d\u00e9taill\u00e9s. La formation est facultative.\" \/>\n<meta property=\"og:url\" content=\"https:\/\/www.condoauthorityontario.ca\/fr\/boards-governance\/director-training\/advanced-training\/\" \/>\n<meta property=\"og:site_name\" content=\"Office ontarien du secteur des condominiums\" \/>\n<meta property=\"article:modified_time\" content=\"2023-09-27T19:22:35+00:00\" \/>\n<meta name=\"twitter:card\" content=\"summary_large_image\" \/>\n<script type=\"application\/ld+json\" class=\"yoast-schema-graph\">{\"@context\":\"https:\\\/\\\/schema.org\",\"@graph\":[{\"@type\":\"WebPage\",\"@id\":\"https:\\\/\\\/www.condoauthorityontario.ca\\\/fr\\\/boards-governance\\\/director-training\\\/advanced-training\\\/\",\"url\":\"https:\\\/\\\/www.condoauthorityontario.ca\\\/fr\\\/boards-governance\\\/director-training\\\/advanced-training\\\/\",\"name\":\"Formation avanc\u00e9e - Office ontarien du secteur des condominiums\",\"isPartOf\":{\"@id\":\"https:\\\/\\\/www.condoauthorityontario.ca\\\/fr\\\/#website\"},\"datePublished\":\"2023-04-28T16:19:40+00:00\",\"dateModified\":\"2023-09-27T19:22:35+00:00\",\"description\":\"La formation avanc\u00e9e facultative des administrateurs de condo de l'OOSC comprend des modules et guides d\u00e9taill\u00e9s. La formation est facultative.\",\"breadcrumb\":{\"@id\":\"https:\\\/\\\/www.condoauthorityontario.ca\\\/fr\\\/boards-governance\\\/director-training\\\/advanced-training\\\/#breadcrumb\"},\"inLanguage\":\"fr-FR\",\"potentialAction\":[{\"@type\":\"ReadAction\",\"target\":[\"https:\\\/\\\/www.condoauthorityontario.ca\\\/fr\\\/boards-governance\\\/director-training\\\/advanced-training\\\/\"]}]},{\"@type\":\"BreadcrumbList\",\"@id\":\"https:\\\/\\\/www.condoauthorityontario.ca\\\/fr\\\/boards-governance\\\/director-training\\\/advanced-training\\\/#breadcrumb\",\"itemListElement\":[{\"@type\":\"ListItem\",\"position\":1,\"name\":\"Accueil\",\"item\":\"https:\\\/\\\/www.condoauthorityontario.ca\\\/fr\\\/\"},{\"@type\":\"ListItem\",\"position\":2,\"name\":\"Conseils d&#8217;administration et gouvernance\",\"item\":\"https:\\\/\\\/www.condoauthorityontario.ca\\\/fr\\\/boards-governance\\\/\"},{\"@type\":\"ListItem\",\"position\":3,\"name\":\"Formation des administrateurs\",\"item\":\"https:\\\/\\\/www.condoauthorityontario.ca\\\/fr\\\/boards-governance\\\/become-a-director__trashed\\\/director-training\\\/\"},{\"@type\":\"ListItem\",\"position\":4,\"name\":\"Formation avanc\u00e9e\"}]},{\"@type\":\"WebSite\",\"@id\":\"https:\\\/\\\/www.condoauthorityontario.ca\\\/fr\\\/#website\",\"url\":\"https:\\\/\\\/www.condoauthorityontario.ca\\\/fr\\\/\",\"name\":\"Office ontarien du secteur des condominiums\",\"description\":\"\",\"potentialAction\":[{\"@type\":\"SearchAction\",\"target\":{\"@type\":\"EntryPoint\",\"urlTemplate\":\"https:\\\/\\\/www.condoauthorityontario.ca\\\/fr\\\/?s={search_term_string}\"},\"query-input\":{\"@type\":\"PropertyValueSpecification\",\"valueRequired\":true,\"valueName\":\"search_term_string\"}}],\"inLanguage\":\"fr-FR\"}]}<\/script>\n<!-- \/ Yoast SEO plugin. -->","yoast_head_json":{"title":"Formation avanc\u00e9e - Office ontarien du secteur des condominiums","description":"La formation avanc\u00e9e facultative des administrateurs de condo de l'OOSC comprend des modules et guides d\u00e9taill\u00e9s. La formation est facultative.","robots":{"index":"index","follow":"follow","max-snippet":"max-snippet:-1","max-image-preview":"max-image-preview:large","max-video-preview":"max-video-preview:-1"},"canonical":"https:\/\/www.condoauthorityontario.ca\/fr\/boards-governance\/director-training\/advanced-training\/","og_locale":"fr_FR","og_type":"article","og_title":"Formation avanc\u00e9e - Office ontarien du secteur des condominiums","og_description":"La formation avanc\u00e9e facultative des administrateurs de condo de l'OOSC comprend des modules et guides d\u00e9taill\u00e9s. La formation est facultative.","og_url":"https:\/\/www.condoauthorityontario.ca\/fr\/boards-governance\/director-training\/advanced-training\/","og_site_name":"Office ontarien du secteur des condominiums","article_modified_time":"2023-09-27T19:22:35+00:00","twitter_card":"summary_large_image","schema":{"@context":"https:\/\/schema.org","@graph":[{"@type":"WebPage","@id":"https:\/\/www.condoauthorityontario.ca\/fr\/boards-governance\/director-training\/advanced-training\/","url":"https:\/\/www.condoauthorityontario.ca\/fr\/boards-governance\/director-training\/advanced-training\/","name":"Formation avanc\u00e9e - Office ontarien du secteur des condominiums","isPartOf":{"@id":"https:\/\/www.condoauthorityontario.ca\/fr\/#website"},"datePublished":"2023-04-28T16:19:40+00:00","dateModified":"2023-09-27T19:22:35+00:00","description":"La formation avanc\u00e9e facultative des administrateurs de condo de l'OOSC comprend des modules et guides d\u00e9taill\u00e9s. La formation est facultative.","breadcrumb":{"@id":"https:\/\/www.condoauthorityontario.ca\/fr\/boards-governance\/director-training\/advanced-training\/#breadcrumb"},"inLanguage":"fr-FR","potentialAction":[{"@type":"ReadAction","target":["https:\/\/www.condoauthorityontario.ca\/fr\/boards-governance\/director-training\/advanced-training\/"]}]},{"@type":"BreadcrumbList","@id":"https:\/\/www.condoauthorityontario.ca\/fr\/boards-governance\/director-training\/advanced-training\/#breadcrumb","itemListElement":[{"@type":"ListItem","position":1,"name":"Accueil","item":"https:\/\/www.condoauthorityontario.ca\/fr\/"},{"@type":"ListItem","position":2,"name":"Conseils d&#8217;administration et gouvernance","item":"https:\/\/www.condoauthorityontario.ca\/fr\/boards-governance\/"},{"@type":"ListItem","position":3,"name":"Formation des administrateurs","item":"https:\/\/www.condoauthorityontario.ca\/fr\/boards-governance\/become-a-director__trashed\/director-training\/"},{"@type":"ListItem","position":4,"name":"Formation avanc\u00e9e"}]},{"@type":"WebSite","@id":"https:\/\/www.condoauthorityontario.ca\/fr\/#website","url":"https:\/\/www.condoauthorityontario.ca\/fr\/","name":"Office ontarien du secteur des condominiums","description":"","potentialAction":[{"@type":"SearchAction","target":{"@type":"EntryPoint","urlTemplate":"https:\/\/www.condoauthorityontario.ca\/fr\/?s={search_term_string}"},"query-input":{"@type":"PropertyValueSpecification","valueRequired":true,"valueName":"search_term_string"}}],"inLanguage":"fr-FR"}]}},"_links":{"self":[{"href":"https:\/\/www.condoauthorityontario.ca\/fr\/wp-json\/wp\/v2\/pages\/15068","targetHints":{"allow":["GET"]}}],"collection":[{"href":"https:\/\/www.condoauthorityontario.ca\/fr\/wp-json\/wp\/v2\/pages"}],"about":[{"href":"https:\/\/www.condoauthorityontario.ca\/fr\/wp-json\/wp\/v2\/types\/page"}],"author":[{"embeddable":true,"href":"https:\/\/www.condoauthorityontario.ca\/fr\/wp-json\/wp\/v2\/users\/9"}],"replies":[{"embeddable":true,"href":"https:\/\/www.condoauthorityontario.ca\/fr\/wp-json\/wp\/v2\/comments?post=15068"}],"version-history":[{"count":0,"href":"https:\/\/www.condoauthorityontario.ca\/fr\/wp-json\/wp\/v2\/pages\/15068\/revisions"}],"up":[{"embeddable":true,"href":"https:\/\/www.condoauthorityontario.ca\/fr\/wp-json\/wp\/v2\/pages\/15058"}],"wp:attachment":[{"href":"https:\/\/www.condoauthorityontario.ca\/fr\/wp-json\/wp\/v2\/media?parent=15068"}],"curies":[{"name":"wp","href":"https:\/\/api.w.org\/{rel}","templated":true}]}}