{"id":15052,"date":"2023-04-28T12:02:30","date_gmt":"2023-04-28T16:02:30","guid":{"rendered":"https:\/\/www.condoauthorityontario.ca\/boards-and-governance-2\/become-a-director\/director-qualifications\/"},"modified":"2023-09-27T16:46:20","modified_gmt":"2023-09-27T20:46:20","slug":"director-qualifications","status":"publish","type":"page","link":"https:\/\/www.condoauthorityontario.ca\/fr\/boards-governance\/become-a-condo-board-director\/director-qualifications\/","title":{"rendered":"Qualit\u00e9s requises des administrateurs"},"content":{"rendered":"","protected":false},"excerpt":{"rendered":"","protected":false},"author":9,"featured_media":0,"parent":19922,"menu_order":3,"comment_status":"closed","ping_status":"closed","template":"","meta":{"_acf_changed":false,"_lmt_disableupdate":"no","_lmt_disable":"","_monsterinsights_skip_tracking":false,"_monsterinsights_sitenote_active":false,"_monsterinsights_sitenote_note":"","_monsterinsights_sitenote_category":0,"footnotes":"","_wp_rev_ctl_limit":""},"class_list":["post-15052","page","type-page","status-publish","hentry"],"acf":[],"yoast_head":"<!-- This site is optimized with the Yoast SEO plugin v27.3 - https:\/\/yoast.com\/product\/yoast-seo-wordpress\/ -->\n<title>Qualit\u00e9s requises des administrateurs - Office ontarien du secteur des condominiums<\/title>\n<meta name=\"description\" content=\"Les administrateurs doivent \u00eatre \u00e2g\u00e9s d\u2019au moins 18 ans, ne pas avoir le statut de failli et ne pas avoir fait l&#039;objet d&#039;un litige ant\u00e9rieur les d\u00e9clarant incapables d&#039;exercer leurs fonctions.\" \/>\n<meta name=\"robots\" content=\"index, follow, max-snippet:-1, max-image-preview:large, max-video-preview:-1\" \/>\n<link rel=\"canonical\" href=\"https:\/\/www.condoauthorityontario.ca\/fr\/boards-governance\/become-a-condo-board-director\/director-qualifications\/\" \/>\n<meta property=\"og:locale\" content=\"fr_FR\" \/>\n<meta property=\"og:type\" content=\"article\" \/>\n<meta property=\"og:title\" content=\"Qualit\u00e9s requises des administrateurs - Office ontarien du secteur des condominiums\" \/>\n<meta property=\"og:description\" content=\"Les administrateurs doivent \u00eatre \u00e2g\u00e9s d\u2019au moins 18 ans, ne pas avoir le statut de failli et ne pas avoir fait l&#039;objet d&#039;un litige ant\u00e9rieur les d\u00e9clarant incapables d&#039;exercer leurs fonctions.\" \/>\n<meta property=\"og:url\" content=\"https:\/\/www.condoauthorityontario.ca\/fr\/boards-governance\/become-a-condo-board-director\/director-qualifications\/\" \/>\n<meta property=\"og:site_name\" content=\"Office ontarien du secteur des condominiums\" \/>\n<meta property=\"article:modified_time\" content=\"2023-09-27T20:46:20+00:00\" \/>\n<meta name=\"twitter:card\" content=\"summary_large_image\" \/>\n<script type=\"application\/ld+json\" class=\"yoast-schema-graph\">{\"@context\":\"https:\\\/\\\/schema.org\",\"@graph\":[{\"@type\":\"WebPage\",\"@id\":\"https:\\\/\\\/www.condoauthorityontario.ca\\\/fr\\\/boards-governance\\\/become-a-condo-board-director\\\/director-qualifications\\\/\",\"url\":\"https:\\\/\\\/www.condoauthorityontario.ca\\\/fr\\\/boards-governance\\\/become-a-condo-board-director\\\/director-qualifications\\\/\",\"name\":\"Qualit\u00e9s requises des administrateurs - Office ontarien du secteur des condominiums\",\"isPartOf\":{\"@id\":\"https:\\\/\\\/www.condoauthorityontario.ca\\\/fr\\\/#website\"},\"datePublished\":\"2023-04-28T16:02:30+00:00\",\"dateModified\":\"2023-09-27T20:46:20+00:00\",\"description\":\"Les administrateurs doivent \u00eatre \u00e2g\u00e9s d\u2019au moins 18 ans, ne pas avoir le statut de failli et ne pas avoir fait l'objet d'un litige ant\u00e9rieur les d\u00e9clarant incapables d'exercer leurs fonctions.\",\"breadcrumb\":{\"@id\":\"https:\\\/\\\/www.condoauthorityontario.ca\\\/fr\\\/boards-governance\\\/become-a-condo-board-director\\\/director-qualifications\\\/#breadcrumb\"},\"inLanguage\":\"fr-FR\",\"potentialAction\":[{\"@type\":\"ReadAction\",\"target\":[\"https:\\\/\\\/www.condoauthorityontario.ca\\\/fr\\\/boards-governance\\\/become-a-condo-board-director\\\/director-qualifications\\\/\"]}]},{\"@type\":\"BreadcrumbList\",\"@id\":\"https:\\\/\\\/www.condoauthorityontario.ca\\\/fr\\\/boards-governance\\\/become-a-condo-board-director\\\/director-qualifications\\\/#breadcrumb\",\"itemListElement\":[{\"@type\":\"ListItem\",\"position\":1,\"name\":\"Accueil\",\"item\":\"https:\\\/\\\/www.condoauthorityontario.ca\\\/fr\\\/\"},{\"@type\":\"ListItem\",\"position\":2,\"name\":\"Conseils d&#8217;administration et gouvernance\",\"item\":\"https:\\\/\\\/www.condoauthorityontario.ca\\\/fr\\\/boards-governance\\\/\"},{\"@type\":\"ListItem\",\"position\":3,\"name\":\"Qualit\u00e9s requises des administrateurs\"}]},{\"@type\":\"WebSite\",\"@id\":\"https:\\\/\\\/www.condoauthorityontario.ca\\\/fr\\\/#website\",\"url\":\"https:\\\/\\\/www.condoauthorityontario.ca\\\/fr\\\/\",\"name\":\"Office ontarien du secteur des condominiums\",\"description\":\"\",\"potentialAction\":[{\"@type\":\"SearchAction\",\"target\":{\"@type\":\"EntryPoint\",\"urlTemplate\":\"https:\\\/\\\/www.condoauthorityontario.ca\\\/fr\\\/?s={search_term_string}\"},\"query-input\":{\"@type\":\"PropertyValueSpecification\",\"valueRequired\":true,\"valueName\":\"search_term_string\"}}],\"inLanguage\":\"fr-FR\"}]}<\/script>\n<!-- \/ Yoast SEO plugin. -->","yoast_head_json":{"title":"Qualit\u00e9s requises des administrateurs - Office ontarien du secteur des condominiums","description":"Les administrateurs doivent \u00eatre \u00e2g\u00e9s d\u2019au moins 18 ans, ne pas avoir le statut de failli et ne pas avoir fait l'objet d'un litige ant\u00e9rieur les d\u00e9clarant incapables d'exercer leurs fonctions.","robots":{"index":"index","follow":"follow","max-snippet":"max-snippet:-1","max-image-preview":"max-image-preview:large","max-video-preview":"max-video-preview:-1"},"canonical":"https:\/\/www.condoauthorityontario.ca\/fr\/boards-governance\/become-a-condo-board-director\/director-qualifications\/","og_locale":"fr_FR","og_type":"article","og_title":"Qualit\u00e9s requises des administrateurs - Office ontarien du secteur des condominiums","og_description":"Les administrateurs doivent \u00eatre \u00e2g\u00e9s d\u2019au moins 18 ans, ne pas avoir le statut de failli et ne pas avoir fait l'objet d'un litige ant\u00e9rieur les d\u00e9clarant incapables d'exercer leurs fonctions.","og_url":"https:\/\/www.condoauthorityontario.ca\/fr\/boards-governance\/become-a-condo-board-director\/director-qualifications\/","og_site_name":"Office ontarien du secteur des condominiums","article_modified_time":"2023-09-27T20:46:20+00:00","twitter_card":"summary_large_image","schema":{"@context":"https:\/\/schema.org","@graph":[{"@type":"WebPage","@id":"https:\/\/www.condoauthorityontario.ca\/fr\/boards-governance\/become-a-condo-board-director\/director-qualifications\/","url":"https:\/\/www.condoauthorityontario.ca\/fr\/boards-governance\/become-a-condo-board-director\/director-qualifications\/","name":"Qualit\u00e9s requises des administrateurs - Office ontarien du secteur des condominiums","isPartOf":{"@id":"https:\/\/www.condoauthorityontario.ca\/fr\/#website"},"datePublished":"2023-04-28T16:02:30+00:00","dateModified":"2023-09-27T20:46:20+00:00","description":"Les administrateurs doivent \u00eatre \u00e2g\u00e9s d\u2019au moins 18 ans, ne pas avoir le statut de failli et ne pas avoir fait l'objet d'un litige ant\u00e9rieur les d\u00e9clarant incapables d'exercer leurs fonctions.","breadcrumb":{"@id":"https:\/\/www.condoauthorityontario.ca\/fr\/boards-governance\/become-a-condo-board-director\/director-qualifications\/#breadcrumb"},"inLanguage":"fr-FR","potentialAction":[{"@type":"ReadAction","target":["https:\/\/www.condoauthorityontario.ca\/fr\/boards-governance\/become-a-condo-board-director\/director-qualifications\/"]}]},{"@type":"BreadcrumbList","@id":"https:\/\/www.condoauthorityontario.ca\/fr\/boards-governance\/become-a-condo-board-director\/director-qualifications\/#breadcrumb","itemListElement":[{"@type":"ListItem","position":1,"name":"Accueil","item":"https:\/\/www.condoauthorityontario.ca\/fr\/"},{"@type":"ListItem","position":2,"name":"Conseils d&#8217;administration et gouvernance","item":"https:\/\/www.condoauthorityontario.ca\/fr\/boards-governance\/"},{"@type":"ListItem","position":3,"name":"Qualit\u00e9s requises des administrateurs"}]},{"@type":"WebSite","@id":"https:\/\/www.condoauthorityontario.ca\/fr\/#website","url":"https:\/\/www.condoauthorityontario.ca\/fr\/","name":"Office ontarien du secteur des condominiums","description":"","potentialAction":[{"@type":"SearchAction","target":{"@type":"EntryPoint","urlTemplate":"https:\/\/www.condoauthorityontario.ca\/fr\/?s={search_term_string}"},"query-input":{"@type":"PropertyValueSpecification","valueRequired":true,"valueName":"search_term_string"}}],"inLanguage":"fr-FR"}]}},"_links":{"self":[{"href":"https:\/\/www.condoauthorityontario.ca\/fr\/wp-json\/wp\/v2\/pages\/15052","targetHints":{"allow":["GET"]}}],"collection":[{"href":"https:\/\/www.condoauthorityontario.ca\/fr\/wp-json\/wp\/v2\/pages"}],"about":[{"href":"https:\/\/www.condoauthorityontario.ca\/fr\/wp-json\/wp\/v2\/types\/page"}],"author":[{"embeddable":true,"href":"https:\/\/www.condoauthorityontario.ca\/fr\/wp-json\/wp\/v2\/users\/9"}],"replies":[{"embeddable":true,"href":"https:\/\/www.condoauthorityontario.ca\/fr\/wp-json\/wp\/v2\/comments?post=15052"}],"version-history":[{"count":0,"href":"https:\/\/www.condoauthorityontario.ca\/fr\/wp-json\/wp\/v2\/pages\/15052\/revisions"}],"up":[{"embeddable":true,"href":"https:\/\/www.condoauthorityontario.ca\/fr\/wp-json\/wp\/v2\/pages\/19922"}],"wp:attachment":[{"href":"https:\/\/www.condoauthorityontario.ca\/fr\/wp-json\/wp\/v2\/media?parent=15052"}],"curies":[{"name":"wp","href":"https:\/\/api.w.org\/{rel}","templated":true}]}}