{"id":15039,"date":"2023-04-28T11:46:32","date_gmt":"2023-04-28T15:46:32","guid":{"rendered":"https:\/\/www.condoauthorityontario.ca\/boards-and-governance-2\/how-boards-work\/board-meetings\/"},"modified":"2023-09-28T16:35:31","modified_gmt":"2023-09-28T20:35:31","slug":"board-meetings","status":"publish","type":"page","link":"https:\/\/www.condoauthorityontario.ca\/fr\/boards-governance\/how-boards-work\/board-meetings\/","title":{"rendered":"R\u00e9unions du conseil"},"content":{"rendered":"","protected":false},"excerpt":{"rendered":"","protected":false},"author":9,"featured_media":0,"parent":15032,"menu_order":2,"comment_status":"closed","ping_status":"closed","template":"","meta":{"_acf_changed":false,"_lmt_disableupdate":"no","_lmt_disable":"","_monsterinsights_skip_tracking":false,"_monsterinsights_sitenote_active":false,"_monsterinsights_sitenote_note":"","_monsterinsights_sitenote_category":0,"footnotes":"","_wp_rev_ctl_limit":""},"class_list":["post-15039","page","type-page","status-publish","hentry"],"acf":[],"yoast_head":"<!-- This site is optimized with the Yoast SEO plugin v27.4 - https:\/\/yoast.com\/product\/yoast-seo-wordpress\/ -->\n<title>R\u00e9unions du conseil - Office ontarien du secteur des condominiums<\/title>\n<meta name=\"description\" content=\"La conduite des affaires de l\u2019association se fait aux r\u00e9unions du conseil qui satisfaisant aux exigences en mati\u00e8re de quorum. Les d\u00e9cisions ne doivent pas se faire en dehors de ces r\u00e9unions.\" \/>\n<meta name=\"robots\" content=\"index, follow, max-snippet:-1, max-image-preview:large, max-video-preview:-1\" \/>\n<link rel=\"canonical\" href=\"https:\/\/www.condoauthorityontario.ca\/fr\/boards-governance\/how-boards-work\/board-meetings\/\" \/>\n<meta property=\"og:locale\" content=\"fr_FR\" \/>\n<meta property=\"og:type\" content=\"article\" \/>\n<meta property=\"og:title\" content=\"R\u00e9unions du conseil - Office ontarien du secteur des condominiums\" \/>\n<meta property=\"og:description\" content=\"La conduite des affaires de l\u2019association se fait aux r\u00e9unions du conseil qui satisfaisant aux exigences en mati\u00e8re de quorum. Les d\u00e9cisions ne doivent pas se faire en dehors de ces r\u00e9unions.\" \/>\n<meta property=\"og:url\" content=\"https:\/\/www.condoauthorityontario.ca\/fr\/boards-governance\/how-boards-work\/board-meetings\/\" \/>\n<meta property=\"og:site_name\" content=\"Office ontarien du secteur des condominiums\" \/>\n<meta property=\"article:modified_time\" content=\"2023-09-28T20:35:31+00:00\" \/>\n<meta name=\"twitter:card\" content=\"summary_large_image\" \/>\n<script type=\"application\/ld+json\" class=\"yoast-schema-graph\">{\"@context\":\"https:\\\/\\\/schema.org\",\"@graph\":[{\"@type\":\"WebPage\",\"@id\":\"https:\\\/\\\/www.condoauthorityontario.ca\\\/fr\\\/boards-governance\\\/how-boards-work\\\/board-meetings\\\/\",\"url\":\"https:\\\/\\\/www.condoauthorityontario.ca\\\/fr\\\/boards-governance\\\/how-boards-work\\\/board-meetings\\\/\",\"name\":\"R\u00e9unions du conseil - Office ontarien du secteur des condominiums\",\"isPartOf\":{\"@id\":\"https:\\\/\\\/www.condoauthorityontario.ca\\\/fr\\\/#website\"},\"datePublished\":\"2023-04-28T15:46:32+00:00\",\"dateModified\":\"2023-09-28T20:35:31+00:00\",\"description\":\"La conduite des affaires de l\u2019association se fait aux r\u00e9unions du conseil qui satisfaisant aux exigences en mati\u00e8re de quorum. Les d\u00e9cisions ne doivent pas se faire en dehors de ces r\u00e9unions.\",\"breadcrumb\":{\"@id\":\"https:\\\/\\\/www.condoauthorityontario.ca\\\/fr\\\/boards-governance\\\/how-boards-work\\\/board-meetings\\\/#breadcrumb\"},\"inLanguage\":\"fr-FR\",\"potentialAction\":[{\"@type\":\"ReadAction\",\"target\":[\"https:\\\/\\\/www.condoauthorityontario.ca\\\/fr\\\/boards-governance\\\/how-boards-work\\\/board-meetings\\\/\"]}]},{\"@type\":\"BreadcrumbList\",\"@id\":\"https:\\\/\\\/www.condoauthorityontario.ca\\\/fr\\\/boards-governance\\\/how-boards-work\\\/board-meetings\\\/#breadcrumb\",\"itemListElement\":[{\"@type\":\"ListItem\",\"position\":1,\"name\":\"Accueil\",\"item\":\"https:\\\/\\\/www.condoauthorityontario.ca\\\/fr\\\/\"},{\"@type\":\"ListItem\",\"position\":2,\"name\":\"Conseils d&#8217;administration et gouvernance\",\"item\":\"https:\\\/\\\/www.condoauthorityontario.ca\\\/fr\\\/boards-governance\\\/\"},{\"@type\":\"ListItem\",\"position\":3,\"name\":\"Fonctionnement des conseils d\u2019administration\",\"item\":\"https:\\\/\\\/www.condoauthorityontario.ca\\\/fr\\\/boards-governance\\\/how-boards-work\\\/\"},{\"@type\":\"ListItem\",\"position\":4,\"name\":\"R\u00e9unions du conseil\"}]},{\"@type\":\"WebSite\",\"@id\":\"https:\\\/\\\/www.condoauthorityontario.ca\\\/fr\\\/#website\",\"url\":\"https:\\\/\\\/www.condoauthorityontario.ca\\\/fr\\\/\",\"name\":\"Office ontarien du secteur des condominiums\",\"description\":\"\",\"potentialAction\":[{\"@type\":\"SearchAction\",\"target\":{\"@type\":\"EntryPoint\",\"urlTemplate\":\"https:\\\/\\\/www.condoauthorityontario.ca\\\/fr\\\/?s={search_term_string}\"},\"query-input\":{\"@type\":\"PropertyValueSpecification\",\"valueRequired\":true,\"valueName\":\"search_term_string\"}}],\"inLanguage\":\"fr-FR\"}]}<\/script>\n<!-- \/ Yoast SEO plugin. -->","yoast_head_json":{"title":"R\u00e9unions du conseil - Office ontarien du secteur des condominiums","description":"La conduite des affaires de l\u2019association se fait aux r\u00e9unions du conseil qui satisfaisant aux exigences en mati\u00e8re de quorum. Les d\u00e9cisions ne doivent pas se faire en dehors de ces r\u00e9unions.","robots":{"index":"index","follow":"follow","max-snippet":"max-snippet:-1","max-image-preview":"max-image-preview:large","max-video-preview":"max-video-preview:-1"},"canonical":"https:\/\/www.condoauthorityontario.ca\/fr\/boards-governance\/how-boards-work\/board-meetings\/","og_locale":"fr_FR","og_type":"article","og_title":"R\u00e9unions du conseil - Office ontarien du secteur des condominiums","og_description":"La conduite des affaires de l\u2019association se fait aux r\u00e9unions du conseil qui satisfaisant aux exigences en mati\u00e8re de quorum. Les d\u00e9cisions ne doivent pas se faire en dehors de ces r\u00e9unions.","og_url":"https:\/\/www.condoauthorityontario.ca\/fr\/boards-governance\/how-boards-work\/board-meetings\/","og_site_name":"Office ontarien du secteur des condominiums","article_modified_time":"2023-09-28T20:35:31+00:00","twitter_card":"summary_large_image","schema":{"@context":"https:\/\/schema.org","@graph":[{"@type":"WebPage","@id":"https:\/\/www.condoauthorityontario.ca\/fr\/boards-governance\/how-boards-work\/board-meetings\/","url":"https:\/\/www.condoauthorityontario.ca\/fr\/boards-governance\/how-boards-work\/board-meetings\/","name":"R\u00e9unions du conseil - Office ontarien du secteur des condominiums","isPartOf":{"@id":"https:\/\/www.condoauthorityontario.ca\/fr\/#website"},"datePublished":"2023-04-28T15:46:32+00:00","dateModified":"2023-09-28T20:35:31+00:00","description":"La conduite des affaires de l\u2019association se fait aux r\u00e9unions du conseil qui satisfaisant aux exigences en mati\u00e8re de quorum. Les d\u00e9cisions ne doivent pas se faire en dehors de ces r\u00e9unions.","breadcrumb":{"@id":"https:\/\/www.condoauthorityontario.ca\/fr\/boards-governance\/how-boards-work\/board-meetings\/#breadcrumb"},"inLanguage":"fr-FR","potentialAction":[{"@type":"ReadAction","target":["https:\/\/www.condoauthorityontario.ca\/fr\/boards-governance\/how-boards-work\/board-meetings\/"]}]},{"@type":"BreadcrumbList","@id":"https:\/\/www.condoauthorityontario.ca\/fr\/boards-governance\/how-boards-work\/board-meetings\/#breadcrumb","itemListElement":[{"@type":"ListItem","position":1,"name":"Accueil","item":"https:\/\/www.condoauthorityontario.ca\/fr\/"},{"@type":"ListItem","position":2,"name":"Conseils d&#8217;administration et gouvernance","item":"https:\/\/www.condoauthorityontario.ca\/fr\/boards-governance\/"},{"@type":"ListItem","position":3,"name":"Fonctionnement des conseils d\u2019administration","item":"https:\/\/www.condoauthorityontario.ca\/fr\/boards-governance\/how-boards-work\/"},{"@type":"ListItem","position":4,"name":"R\u00e9unions du conseil"}]},{"@type":"WebSite","@id":"https:\/\/www.condoauthorityontario.ca\/fr\/#website","url":"https:\/\/www.condoauthorityontario.ca\/fr\/","name":"Office ontarien du secteur des condominiums","description":"","potentialAction":[{"@type":"SearchAction","target":{"@type":"EntryPoint","urlTemplate":"https:\/\/www.condoauthorityontario.ca\/fr\/?s={search_term_string}"},"query-input":{"@type":"PropertyValueSpecification","valueRequired":true,"valueName":"search_term_string"}}],"inLanguage":"fr-FR"}]}},"_links":{"self":[{"href":"https:\/\/www.condoauthorityontario.ca\/fr\/wp-json\/wp\/v2\/pages\/15039","targetHints":{"allow":["GET"]}}],"collection":[{"href":"https:\/\/www.condoauthorityontario.ca\/fr\/wp-json\/wp\/v2\/pages"}],"about":[{"href":"https:\/\/www.condoauthorityontario.ca\/fr\/wp-json\/wp\/v2\/types\/page"}],"author":[{"embeddable":true,"href":"https:\/\/www.condoauthorityontario.ca\/fr\/wp-json\/wp\/v2\/users\/9"}],"replies":[{"embeddable":true,"href":"https:\/\/www.condoauthorityontario.ca\/fr\/wp-json\/wp\/v2\/comments?post=15039"}],"version-history":[{"count":0,"href":"https:\/\/www.condoauthorityontario.ca\/fr\/wp-json\/wp\/v2\/pages\/15039\/revisions"}],"up":[{"embeddable":true,"href":"https:\/\/www.condoauthorityontario.ca\/fr\/wp-json\/wp\/v2\/pages\/15032"}],"wp:attachment":[{"href":"https:\/\/www.condoauthorityontario.ca\/fr\/wp-json\/wp\/v2\/media?parent=15039"}],"curies":[{"name":"wp","href":"https:\/\/api.w.org\/{rel}","templated":true}]}}