{"id":13206,"date":"2023-06-11T22:52:12","date_gmt":"2023-06-12T02:52:12","guid":{"rendered":"https:\/\/www.condoauthorityontario.ca\/dispute-resolution\/file-an-application\/other-nuisances-annoyances-or-disruptions-checklist\/"},"modified":"2023-09-15T12:55:38","modified_gmt":"2023-09-15T16:55:38","slug":"other-nuisances-annoyances-or-disruptions-checklist","status":"publish","type":"page","link":"https:\/\/www.condoauthorityontario.ca\/fr\/issues-dispute-resolution\/dispute-resolution\/file-an-application\/other-nuisances-annoyances-or-disruptions-checklist\/","title":{"rendered":"Liste de contr\u00f4le concernant les autres nuisances, d\u00e9sagr\u00e9ments ou perturbations"},"content":{"rendered":"","protected":false},"excerpt":{"rendered":"","protected":false},"author":9,"featured_media":0,"parent":11891,"menu_order":0,"comment_status":"closed","ping_status":"closed","template":"","meta":{"_acf_changed":false,"_lmt_disableupdate":"","_lmt_disable":"","_monsterinsights_skip_tracking":false,"_monsterinsights_sitenote_active":false,"_monsterinsights_sitenote_note":"","_monsterinsights_sitenote_category":0,"footnotes":"","_wp_rev_ctl_limit":""},"class_list":["post-13206","page","type-page","status-publish","hentry"],"acf":[],"yoast_head":"<!-- This site is optimized with the Yoast SEO plugin v27.3 - https:\/\/yoast.com\/product\/yoast-seo-wordpress\/ -->\n<title>Liste de contr\u00f4le concernant les autres nuisances, d\u00e9sagr\u00e9ments ou perturbations - Office ontarien du secteur des condominiums<\/title>\n<meta name=\"robots\" content=\"index, follow, max-snippet:-1, max-image-preview:large, max-video-preview:-1\" \/>\n<link rel=\"canonical\" href=\"https:\/\/www.condoauthorityontario.ca\/fr\/issues-dispute-resolution\/dispute-resolution\/file-an-application\/other-nuisances-annoyances-or-disruptions-checklist\/\" \/>\n<meta property=\"og:locale\" content=\"fr_FR\" \/>\n<meta property=\"og:type\" content=\"article\" \/>\n<meta property=\"og:title\" content=\"Liste de contr\u00f4le concernant les autres nuisances, d\u00e9sagr\u00e9ments ou perturbations - Office ontarien du secteur des condominiums\" \/>\n<meta property=\"og:url\" content=\"https:\/\/www.condoauthorityontario.ca\/fr\/issues-dispute-resolution\/dispute-resolution\/file-an-application\/other-nuisances-annoyances-or-disruptions-checklist\/\" \/>\n<meta property=\"og:site_name\" content=\"Office ontarien du secteur des condominiums\" \/>\n<meta property=\"article:modified_time\" content=\"2023-09-15T16:55:38+00:00\" \/>\n<meta name=\"twitter:card\" content=\"summary_large_image\" \/>\n<script type=\"application\/ld+json\" class=\"yoast-schema-graph\">{\"@context\":\"https:\\\/\\\/schema.org\",\"@graph\":[{\"@type\":\"WebPage\",\"@id\":\"https:\\\/\\\/www.condoauthorityontario.ca\\\/fr\\\/issues-dispute-resolution\\\/dispute-resolution\\\/file-an-application\\\/other-nuisances-annoyances-or-disruptions-checklist\\\/\",\"url\":\"https:\\\/\\\/www.condoauthorityontario.ca\\\/fr\\\/issues-dispute-resolution\\\/dispute-resolution\\\/file-an-application\\\/other-nuisances-annoyances-or-disruptions-checklist\\\/\",\"name\":\"Liste de contr\u00f4le concernant les autres nuisances, d\u00e9sagr\u00e9ments ou perturbations - Office ontarien du secteur des condominiums\",\"isPartOf\":{\"@id\":\"https:\\\/\\\/www.condoauthorityontario.ca\\\/fr\\\/#website\"},\"datePublished\":\"2023-06-12T02:52:12+00:00\",\"dateModified\":\"2023-09-15T16:55:38+00:00\",\"breadcrumb\":{\"@id\":\"https:\\\/\\\/www.condoauthorityontario.ca\\\/fr\\\/issues-dispute-resolution\\\/dispute-resolution\\\/file-an-application\\\/other-nuisances-annoyances-or-disruptions-checklist\\\/#breadcrumb\"},\"inLanguage\":\"fr-FR\",\"potentialAction\":[{\"@type\":\"ReadAction\",\"target\":[\"https:\\\/\\\/www.condoauthorityontario.ca\\\/fr\\\/issues-dispute-resolution\\\/dispute-resolution\\\/file-an-application\\\/other-nuisances-annoyances-or-disruptions-checklist\\\/\"]}]},{\"@type\":\"BreadcrumbList\",\"@id\":\"https:\\\/\\\/www.condoauthorityontario.ca\\\/fr\\\/issues-dispute-resolution\\\/dispute-resolution\\\/file-an-application\\\/other-nuisances-annoyances-or-disruptions-checklist\\\/#breadcrumb\",\"itemListElement\":[{\"@type\":\"ListItem\",\"position\":1,\"name\":\"Accueil\",\"item\":\"https:\\\/\\\/www.condoauthorityontario.ca\\\/fr\\\/\"},{\"@type\":\"ListItem\",\"position\":2,\"name\":\"Probl\u00e8mes et r\u00e8glement des diff\u00e9rends\",\"item\":\"https:\\\/\\\/www.condoauthorityontario.ca\\\/fr\\\/issues-dispute-resolution\\\/\"},{\"@type\":\"ListItem\",\"position\":3,\"name\":\"R\u00e8glement des diff\u00e9rends\",\"item\":\"https:\\\/\\\/www.condoauthorityontario.ca\\\/fr\\\/issues-dispute-resolution\\\/dispute-resolution\\\/\"},{\"@type\":\"ListItem\",\"position\":4,\"name\":\"D\u00e9poser une requ\u00eate\",\"item\":\"https:\\\/\\\/www.condoauthorityontario.ca\\\/fr\\\/issues-dispute-resolution\\\/dispute-resolution\\\/file-an-application\\\/\"},{\"@type\":\"ListItem\",\"position\":5,\"name\":\"Liste de contr\u00f4le concernant les autres nuisances, d\u00e9sagr\u00e9ments ou perturbations\"}]},{\"@type\":\"WebSite\",\"@id\":\"https:\\\/\\\/www.condoauthorityontario.ca\\\/fr\\\/#website\",\"url\":\"https:\\\/\\\/www.condoauthorityontario.ca\\\/fr\\\/\",\"name\":\"Office ontarien du secteur des condominiums\",\"description\":\"\",\"potentialAction\":[{\"@type\":\"SearchAction\",\"target\":{\"@type\":\"EntryPoint\",\"urlTemplate\":\"https:\\\/\\\/www.condoauthorityontario.ca\\\/fr\\\/?s={search_term_string}\"},\"query-input\":{\"@type\":\"PropertyValueSpecification\",\"valueRequired\":true,\"valueName\":\"search_term_string\"}}],\"inLanguage\":\"fr-FR\"}]}<\/script>\n<!-- \/ Yoast SEO plugin. -->","yoast_head_json":{"title":"Liste de contr\u00f4le concernant les autres nuisances, d\u00e9sagr\u00e9ments ou perturbations - Office ontarien du secteur des condominiums","robots":{"index":"index","follow":"follow","max-snippet":"max-snippet:-1","max-image-preview":"max-image-preview:large","max-video-preview":"max-video-preview:-1"},"canonical":"https:\/\/www.condoauthorityontario.ca\/fr\/issues-dispute-resolution\/dispute-resolution\/file-an-application\/other-nuisances-annoyances-or-disruptions-checklist\/","og_locale":"fr_FR","og_type":"article","og_title":"Liste de contr\u00f4le concernant les autres nuisances, d\u00e9sagr\u00e9ments ou perturbations - Office ontarien du secteur des condominiums","og_url":"https:\/\/www.condoauthorityontario.ca\/fr\/issues-dispute-resolution\/dispute-resolution\/file-an-application\/other-nuisances-annoyances-or-disruptions-checklist\/","og_site_name":"Office ontarien du secteur des condominiums","article_modified_time":"2023-09-15T16:55:38+00:00","twitter_card":"summary_large_image","schema":{"@context":"https:\/\/schema.org","@graph":[{"@type":"WebPage","@id":"https:\/\/www.condoauthorityontario.ca\/fr\/issues-dispute-resolution\/dispute-resolution\/file-an-application\/other-nuisances-annoyances-or-disruptions-checklist\/","url":"https:\/\/www.condoauthorityontario.ca\/fr\/issues-dispute-resolution\/dispute-resolution\/file-an-application\/other-nuisances-annoyances-or-disruptions-checklist\/","name":"Liste de contr\u00f4le concernant les autres nuisances, d\u00e9sagr\u00e9ments ou perturbations - Office ontarien du secteur des condominiums","isPartOf":{"@id":"https:\/\/www.condoauthorityontario.ca\/fr\/#website"},"datePublished":"2023-06-12T02:52:12+00:00","dateModified":"2023-09-15T16:55:38+00:00","breadcrumb":{"@id":"https:\/\/www.condoauthorityontario.ca\/fr\/issues-dispute-resolution\/dispute-resolution\/file-an-application\/other-nuisances-annoyances-or-disruptions-checklist\/#breadcrumb"},"inLanguage":"fr-FR","potentialAction":[{"@type":"ReadAction","target":["https:\/\/www.condoauthorityontario.ca\/fr\/issues-dispute-resolution\/dispute-resolution\/file-an-application\/other-nuisances-annoyances-or-disruptions-checklist\/"]}]},{"@type":"BreadcrumbList","@id":"https:\/\/www.condoauthorityontario.ca\/fr\/issues-dispute-resolution\/dispute-resolution\/file-an-application\/other-nuisances-annoyances-or-disruptions-checklist\/#breadcrumb","itemListElement":[{"@type":"ListItem","position":1,"name":"Accueil","item":"https:\/\/www.condoauthorityontario.ca\/fr\/"},{"@type":"ListItem","position":2,"name":"Probl\u00e8mes et r\u00e8glement des diff\u00e9rends","item":"https:\/\/www.condoauthorityontario.ca\/fr\/issues-dispute-resolution\/"},{"@type":"ListItem","position":3,"name":"R\u00e8glement des diff\u00e9rends","item":"https:\/\/www.condoauthorityontario.ca\/fr\/issues-dispute-resolution\/dispute-resolution\/"},{"@type":"ListItem","position":4,"name":"D\u00e9poser une requ\u00eate","item":"https:\/\/www.condoauthorityontario.ca\/fr\/issues-dispute-resolution\/dispute-resolution\/file-an-application\/"},{"@type":"ListItem","position":5,"name":"Liste de contr\u00f4le concernant les autres nuisances, d\u00e9sagr\u00e9ments ou perturbations"}]},{"@type":"WebSite","@id":"https:\/\/www.condoauthorityontario.ca\/fr\/#website","url":"https:\/\/www.condoauthorityontario.ca\/fr\/","name":"Office ontarien du secteur des condominiums","description":"","potentialAction":[{"@type":"SearchAction","target":{"@type":"EntryPoint","urlTemplate":"https:\/\/www.condoauthorityontario.ca\/fr\/?s={search_term_string}"},"query-input":{"@type":"PropertyValueSpecification","valueRequired":true,"valueName":"search_term_string"}}],"inLanguage":"fr-FR"}]}},"_links":{"self":[{"href":"https:\/\/www.condoauthorityontario.ca\/fr\/wp-json\/wp\/v2\/pages\/13206","targetHints":{"allow":["GET"]}}],"collection":[{"href":"https:\/\/www.condoauthorityontario.ca\/fr\/wp-json\/wp\/v2\/pages"}],"about":[{"href":"https:\/\/www.condoauthorityontario.ca\/fr\/wp-json\/wp\/v2\/types\/page"}],"author":[{"embeddable":true,"href":"https:\/\/www.condoauthorityontario.ca\/fr\/wp-json\/wp\/v2\/users\/9"}],"replies":[{"embeddable":true,"href":"https:\/\/www.condoauthorityontario.ca\/fr\/wp-json\/wp\/v2\/comments?post=13206"}],"version-history":[{"count":0,"href":"https:\/\/www.condoauthorityontario.ca\/fr\/wp-json\/wp\/v2\/pages\/13206\/revisions"}],"up":[{"embeddable":true,"href":"https:\/\/www.condoauthorityontario.ca\/fr\/wp-json\/wp\/v2\/pages\/11891"}],"wp:attachment":[{"href":"https:\/\/www.condoauthorityontario.ca\/fr\/wp-json\/wp\/v2\/media?parent=13206"}],"curies":[{"name":"wp","href":"https:\/\/api.w.org\/{rel}","templated":true}]}}