{"id":11881,"date":"2023-06-08T11:31:28","date_gmt":"2023-06-08T15:31:28","guid":{"rendered":"https:\/\/www.condoauthorityontario.ca\/dispute-resolution\/tribunal-process\/stage-2-mediation\/"},"modified":"2025-01-22T12:33:47","modified_gmt":"2025-01-22T17:33:47","slug":"stage-2-mediation","status":"publish","type":"page","link":"https:\/\/www.condoauthorityontario.ca\/fr\/issues-dispute-resolution\/dispute-resolution\/tribunal-process\/stage-2-mediation\/","title":{"rendered":"\u00c9tape 2 : M\u00e9diation"},"content":{"rendered":"","protected":false},"excerpt":{"rendered":"","protected":false},"author":9,"featured_media":0,"parent":11790,"menu_order":5,"comment_status":"closed","ping_status":"closed","template":"","meta":{"_acf_changed":false,"_lmt_disableupdate":"no","_lmt_disable":"","_monsterinsights_skip_tracking":false,"_monsterinsights_sitenote_active":false,"_monsterinsights_sitenote_note":"","_monsterinsights_sitenote_category":0,"footnotes":"","_wp_rev_ctl_limit":""},"class_list":["post-11881","page","type-page","status-publish","hentry"],"acf":[],"yoast_head":"<!-- This site is optimized with the Yoast SEO plugin v27.3 - https:\/\/yoast.com\/product\/yoast-seo-wordpress\/ -->\n<title>\u00c9tape 2 : M\u00e9diation - Office ontarien du secteur des condominiums<\/title>\n<meta name=\"description\" content=\"Le requ\u00e9rant peut faire passer le dossier \u00e0 l\u2019\u00e9tape 2 M\u00e9diation si les parties ne parviennent pas \u00e0 r\u00e9soudre elles m\u00eames le probl\u00e8me eux-m\u00eames \u00e0 l\u2019\u00e9tape 1 N\u00e9gociation.\" \/>\n<meta name=\"robots\" content=\"index, follow, max-snippet:-1, max-image-preview:large, max-video-preview:-1\" \/>\n<link rel=\"canonical\" href=\"https:\/\/www.condoauthorityontario.ca\/fr\/issues-dispute-resolution\/dispute-resolution\/tribunal-process\/stage-2-mediation\/\" \/>\n<meta property=\"og:locale\" content=\"fr_FR\" \/>\n<meta property=\"og:type\" content=\"article\" \/>\n<meta property=\"og:title\" content=\"\u00c9tape 2 : M\u00e9diation - Office ontarien du secteur des condominiums\" \/>\n<meta property=\"og:description\" content=\"Le requ\u00e9rant peut faire passer le dossier \u00e0 l\u2019\u00e9tape 2 M\u00e9diation si les parties ne parviennent pas \u00e0 r\u00e9soudre elles m\u00eames le probl\u00e8me eux-m\u00eames \u00e0 l\u2019\u00e9tape 1 N\u00e9gociation.\" \/>\n<meta property=\"og:url\" content=\"https:\/\/www.condoauthorityontario.ca\/fr\/issues-dispute-resolution\/dispute-resolution\/tribunal-process\/stage-2-mediation\/\" \/>\n<meta property=\"og:site_name\" content=\"Office ontarien du secteur des condominiums\" \/>\n<meta property=\"article:modified_time\" content=\"2025-01-22T17:33:47+00:00\" \/>\n<meta name=\"twitter:card\" content=\"summary_large_image\" \/>\n<script type=\"application\/ld+json\" class=\"yoast-schema-graph\">{\"@context\":\"https:\\\/\\\/schema.org\",\"@graph\":[{\"@type\":\"WebPage\",\"@id\":\"https:\\\/\\\/www.condoauthorityontario.ca\\\/fr\\\/issues-dispute-resolution\\\/dispute-resolution\\\/tribunal-process\\\/stage-2-mediation\\\/\",\"url\":\"https:\\\/\\\/www.condoauthorityontario.ca\\\/fr\\\/issues-dispute-resolution\\\/dispute-resolution\\\/tribunal-process\\\/stage-2-mediation\\\/\",\"name\":\"\u00c9tape 2 : M\u00e9diation - Office ontarien du secteur des condominiums\",\"isPartOf\":{\"@id\":\"https:\\\/\\\/www.condoauthorityontario.ca\\\/fr\\\/#website\"},\"datePublished\":\"2023-06-08T15:31:28+00:00\",\"dateModified\":\"2025-01-22T17:33:47+00:00\",\"description\":\"Le requ\u00e9rant peut faire passer le dossier \u00e0 l\u2019\u00e9tape 2 M\u00e9diation si les parties ne parviennent pas \u00e0 r\u00e9soudre elles m\u00eames le probl\u00e8me eux-m\u00eames \u00e0 l\u2019\u00e9tape 1 N\u00e9gociation.\",\"breadcrumb\":{\"@id\":\"https:\\\/\\\/www.condoauthorityontario.ca\\\/fr\\\/issues-dispute-resolution\\\/dispute-resolution\\\/tribunal-process\\\/stage-2-mediation\\\/#breadcrumb\"},\"inLanguage\":\"fr-FR\",\"potentialAction\":[{\"@type\":\"ReadAction\",\"target\":[\"https:\\\/\\\/www.condoauthorityontario.ca\\\/fr\\\/issues-dispute-resolution\\\/dispute-resolution\\\/tribunal-process\\\/stage-2-mediation\\\/\"]}]},{\"@type\":\"BreadcrumbList\",\"@id\":\"https:\\\/\\\/www.condoauthorityontario.ca\\\/fr\\\/issues-dispute-resolution\\\/dispute-resolution\\\/tribunal-process\\\/stage-2-mediation\\\/#breadcrumb\",\"itemListElement\":[{\"@type\":\"ListItem\",\"position\":1,\"name\":\"Accueil\",\"item\":\"https:\\\/\\\/www.condoauthorityontario.ca\\\/fr\\\/\"},{\"@type\":\"ListItem\",\"position\":2,\"name\":\"Probl\u00e8mes et r\u00e8glement des diff\u00e9rends\",\"item\":\"https:\\\/\\\/www.condoauthorityontario.ca\\\/fr\\\/issues-dispute-resolution\\\/\"},{\"@type\":\"ListItem\",\"position\":3,\"name\":\"R\u00e8glement des diff\u00e9rends\",\"item\":\"https:\\\/\\\/www.condoauthorityontario.ca\\\/fr\\\/issues-dispute-resolution\\\/dispute-resolution\\\/\"},{\"@type\":\"ListItem\",\"position\":4,\"name\":\"Processus du Tribunal\",\"item\":\"https:\\\/\\\/www.condoauthorityontario.ca\\\/fr\\\/issues-dispute-resolution\\\/dispute-resolution\\\/tribunal-process\\\/\"},{\"@type\":\"ListItem\",\"position\":5,\"name\":\"\u00c9tape 2 : M\u00e9diation\"}]},{\"@type\":\"WebSite\",\"@id\":\"https:\\\/\\\/www.condoauthorityontario.ca\\\/fr\\\/#website\",\"url\":\"https:\\\/\\\/www.condoauthorityontario.ca\\\/fr\\\/\",\"name\":\"Office ontarien du secteur des condominiums\",\"description\":\"\",\"potentialAction\":[{\"@type\":\"SearchAction\",\"target\":{\"@type\":\"EntryPoint\",\"urlTemplate\":\"https:\\\/\\\/www.condoauthorityontario.ca\\\/fr\\\/?s={search_term_string}\"},\"query-input\":{\"@type\":\"PropertyValueSpecification\",\"valueRequired\":true,\"valueName\":\"search_term_string\"}}],\"inLanguage\":\"fr-FR\"}]}<\/script>\n<!-- \/ Yoast SEO plugin. -->","yoast_head_json":{"title":"\u00c9tape 2 : M\u00e9diation - Office ontarien du secteur des condominiums","description":"Le requ\u00e9rant peut faire passer le dossier \u00e0 l\u2019\u00e9tape 2 M\u00e9diation si les parties ne parviennent pas \u00e0 r\u00e9soudre elles m\u00eames le probl\u00e8me eux-m\u00eames \u00e0 l\u2019\u00e9tape 1 N\u00e9gociation.","robots":{"index":"index","follow":"follow","max-snippet":"max-snippet:-1","max-image-preview":"max-image-preview:large","max-video-preview":"max-video-preview:-1"},"canonical":"https:\/\/www.condoauthorityontario.ca\/fr\/issues-dispute-resolution\/dispute-resolution\/tribunal-process\/stage-2-mediation\/","og_locale":"fr_FR","og_type":"article","og_title":"\u00c9tape 2 : M\u00e9diation - Office ontarien du secteur des condominiums","og_description":"Le requ\u00e9rant peut faire passer le dossier \u00e0 l\u2019\u00e9tape 2 M\u00e9diation si les parties ne parviennent pas \u00e0 r\u00e9soudre elles m\u00eames le probl\u00e8me eux-m\u00eames \u00e0 l\u2019\u00e9tape 1 N\u00e9gociation.","og_url":"https:\/\/www.condoauthorityontario.ca\/fr\/issues-dispute-resolution\/dispute-resolution\/tribunal-process\/stage-2-mediation\/","og_site_name":"Office ontarien du secteur des condominiums","article_modified_time":"2025-01-22T17:33:47+00:00","twitter_card":"summary_large_image","schema":{"@context":"https:\/\/schema.org","@graph":[{"@type":"WebPage","@id":"https:\/\/www.condoauthorityontario.ca\/fr\/issues-dispute-resolution\/dispute-resolution\/tribunal-process\/stage-2-mediation\/","url":"https:\/\/www.condoauthorityontario.ca\/fr\/issues-dispute-resolution\/dispute-resolution\/tribunal-process\/stage-2-mediation\/","name":"\u00c9tape 2 : M\u00e9diation - Office ontarien du secteur des condominiums","isPartOf":{"@id":"https:\/\/www.condoauthorityontario.ca\/fr\/#website"},"datePublished":"2023-06-08T15:31:28+00:00","dateModified":"2025-01-22T17:33:47+00:00","description":"Le requ\u00e9rant peut faire passer le dossier \u00e0 l\u2019\u00e9tape 2 M\u00e9diation si les parties ne parviennent pas \u00e0 r\u00e9soudre elles m\u00eames le probl\u00e8me eux-m\u00eames \u00e0 l\u2019\u00e9tape 1 N\u00e9gociation.","breadcrumb":{"@id":"https:\/\/www.condoauthorityontario.ca\/fr\/issues-dispute-resolution\/dispute-resolution\/tribunal-process\/stage-2-mediation\/#breadcrumb"},"inLanguage":"fr-FR","potentialAction":[{"@type":"ReadAction","target":["https:\/\/www.condoauthorityontario.ca\/fr\/issues-dispute-resolution\/dispute-resolution\/tribunal-process\/stage-2-mediation\/"]}]},{"@type":"BreadcrumbList","@id":"https:\/\/www.condoauthorityontario.ca\/fr\/issues-dispute-resolution\/dispute-resolution\/tribunal-process\/stage-2-mediation\/#breadcrumb","itemListElement":[{"@type":"ListItem","position":1,"name":"Accueil","item":"https:\/\/www.condoauthorityontario.ca\/fr\/"},{"@type":"ListItem","position":2,"name":"Probl\u00e8mes et r\u00e8glement des diff\u00e9rends","item":"https:\/\/www.condoauthorityontario.ca\/fr\/issues-dispute-resolution\/"},{"@type":"ListItem","position":3,"name":"R\u00e8glement des diff\u00e9rends","item":"https:\/\/www.condoauthorityontario.ca\/fr\/issues-dispute-resolution\/dispute-resolution\/"},{"@type":"ListItem","position":4,"name":"Processus du Tribunal","item":"https:\/\/www.condoauthorityontario.ca\/fr\/issues-dispute-resolution\/dispute-resolution\/tribunal-process\/"},{"@type":"ListItem","position":5,"name":"\u00c9tape 2 : M\u00e9diation"}]},{"@type":"WebSite","@id":"https:\/\/www.condoauthorityontario.ca\/fr\/#website","url":"https:\/\/www.condoauthorityontario.ca\/fr\/","name":"Office ontarien du secteur des condominiums","description":"","potentialAction":[{"@type":"SearchAction","target":{"@type":"EntryPoint","urlTemplate":"https:\/\/www.condoauthorityontario.ca\/fr\/?s={search_term_string}"},"query-input":{"@type":"PropertyValueSpecification","valueRequired":true,"valueName":"search_term_string"}}],"inLanguage":"fr-FR"}]}},"_links":{"self":[{"href":"https:\/\/www.condoauthorityontario.ca\/fr\/wp-json\/wp\/v2\/pages\/11881","targetHints":{"allow":["GET"]}}],"collection":[{"href":"https:\/\/www.condoauthorityontario.ca\/fr\/wp-json\/wp\/v2\/pages"}],"about":[{"href":"https:\/\/www.condoauthorityontario.ca\/fr\/wp-json\/wp\/v2\/types\/page"}],"author":[{"embeddable":true,"href":"https:\/\/www.condoauthorityontario.ca\/fr\/wp-json\/wp\/v2\/users\/9"}],"replies":[{"embeddable":true,"href":"https:\/\/www.condoauthorityontario.ca\/fr\/wp-json\/wp\/v2\/comments?post=11881"}],"version-history":[{"count":0,"href":"https:\/\/www.condoauthorityontario.ca\/fr\/wp-json\/wp\/v2\/pages\/11881\/revisions"}],"up":[{"embeddable":true,"href":"https:\/\/www.condoauthorityontario.ca\/fr\/wp-json\/wp\/v2\/pages\/11790"}],"wp:attachment":[{"href":"https:\/\/www.condoauthorityontario.ca\/fr\/wp-json\/wp\/v2\/media?parent=11881"}],"curies":[{"name":"wp","href":"https:\/\/api.w.org\/{rel}","templated":true}]}}