{"id":11878,"date":"2023-06-08T11:34:13","date_gmt":"2023-06-08T15:34:13","guid":{"rendered":"https:\/\/www.condoauthorityontario.ca\/dispute-resolution\/tribunal-process\/stage-3-tribunal-decision\/"},"modified":"2025-01-22T12:34:33","modified_gmt":"2025-01-22T17:34:33","slug":"stage-3-tribunal-decision","status":"publish","type":"page","link":"https:\/\/www.condoauthorityontario.ca\/fr\/issues-dispute-resolution\/dispute-resolution\/tribunal-process\/stage-3-tribunal-decision\/","title":{"rendered":"\u00c9tape 3 : D\u00e9cision du Tribunal"},"content":{"rendered":"","protected":false},"excerpt":{"rendered":"","protected":false},"author":9,"featured_media":0,"parent":11790,"menu_order":6,"comment_status":"closed","ping_status":"closed","template":"","meta":{"_acf_changed":false,"_lmt_disableupdate":"no","_lmt_disable":"","_monsterinsights_skip_tracking":false,"_monsterinsights_sitenote_active":false,"_monsterinsights_sitenote_note":"","_monsterinsights_sitenote_category":0,"footnotes":"","_wp_rev_ctl_limit":""},"class_list":["post-11878","page","type-page","status-publish","hentry"],"acf":[],"yoast_head":"<!-- This site is optimized with the Yoast SEO plugin v27.3 - https:\/\/yoast.com\/product\/yoast-seo-wordpress\/ -->\n<title>\u00c9tape 3 : D\u00e9cision du Tribunal - Office ontarien du secteur des condominiums<\/title>\n<meta name=\"description\" content=\"Un membre du TASC sera d\u00e9sign\u00e9 pour tenir une audience en ligne o\u00f9 il prendra ensuite une d\u00e9cision et r\u00e9digera une ordonnance d\u00e9finitive \u00e0 laquelle les parties devront se conformer.\" \/>\n<meta name=\"robots\" content=\"index, follow, max-snippet:-1, max-image-preview:large, max-video-preview:-1\" \/>\n<link rel=\"canonical\" href=\"https:\/\/www.condoauthorityontario.ca\/fr\/issues-dispute-resolution\/dispute-resolution\/tribunal-process\/stage-3-tribunal-decision\/\" \/>\n<meta property=\"og:locale\" content=\"fr_FR\" \/>\n<meta property=\"og:type\" content=\"article\" \/>\n<meta property=\"og:title\" content=\"\u00c9tape 3 : D\u00e9cision du Tribunal - Office ontarien du secteur des condominiums\" \/>\n<meta property=\"og:description\" content=\"Un membre du TASC sera d\u00e9sign\u00e9 pour tenir une audience en ligne o\u00f9 il prendra ensuite une d\u00e9cision et r\u00e9digera une ordonnance d\u00e9finitive \u00e0 laquelle les parties devront se conformer.\" \/>\n<meta property=\"og:url\" content=\"https:\/\/www.condoauthorityontario.ca\/fr\/issues-dispute-resolution\/dispute-resolution\/tribunal-process\/stage-3-tribunal-decision\/\" \/>\n<meta property=\"og:site_name\" content=\"Office ontarien du secteur des condominiums\" \/>\n<meta property=\"article:modified_time\" content=\"2025-01-22T17:34:33+00:00\" \/>\n<meta name=\"twitter:card\" content=\"summary_large_image\" \/>\n<script type=\"application\/ld+json\" class=\"yoast-schema-graph\">{\"@context\":\"https:\\\/\\\/schema.org\",\"@graph\":[{\"@type\":\"WebPage\",\"@id\":\"https:\\\/\\\/www.condoauthorityontario.ca\\\/fr\\\/issues-dispute-resolution\\\/dispute-resolution\\\/tribunal-process\\\/stage-3-tribunal-decision\\\/\",\"url\":\"https:\\\/\\\/www.condoauthorityontario.ca\\\/fr\\\/issues-dispute-resolution\\\/dispute-resolution\\\/tribunal-process\\\/stage-3-tribunal-decision\\\/\",\"name\":\"\u00c9tape 3 : D\u00e9cision du Tribunal - Office ontarien du secteur des condominiums\",\"isPartOf\":{\"@id\":\"https:\\\/\\\/www.condoauthorityontario.ca\\\/fr\\\/#website\"},\"datePublished\":\"2023-06-08T15:34:13+00:00\",\"dateModified\":\"2025-01-22T17:34:33+00:00\",\"description\":\"Un membre du TASC sera d\u00e9sign\u00e9 pour tenir une audience en ligne o\u00f9 il prendra ensuite une d\u00e9cision et r\u00e9digera une ordonnance d\u00e9finitive \u00e0 laquelle les parties devront se conformer.\",\"breadcrumb\":{\"@id\":\"https:\\\/\\\/www.condoauthorityontario.ca\\\/fr\\\/issues-dispute-resolution\\\/dispute-resolution\\\/tribunal-process\\\/stage-3-tribunal-decision\\\/#breadcrumb\"},\"inLanguage\":\"fr-FR\",\"potentialAction\":[{\"@type\":\"ReadAction\",\"target\":[\"https:\\\/\\\/www.condoauthorityontario.ca\\\/fr\\\/issues-dispute-resolution\\\/dispute-resolution\\\/tribunal-process\\\/stage-3-tribunal-decision\\\/\"]}]},{\"@type\":\"BreadcrumbList\",\"@id\":\"https:\\\/\\\/www.condoauthorityontario.ca\\\/fr\\\/issues-dispute-resolution\\\/dispute-resolution\\\/tribunal-process\\\/stage-3-tribunal-decision\\\/#breadcrumb\",\"itemListElement\":[{\"@type\":\"ListItem\",\"position\":1,\"name\":\"Accueil\",\"item\":\"https:\\\/\\\/www.condoauthorityontario.ca\\\/fr\\\/\"},{\"@type\":\"ListItem\",\"position\":2,\"name\":\"Probl\u00e8mes et r\u00e8glement des diff\u00e9rends\",\"item\":\"https:\\\/\\\/www.condoauthorityontario.ca\\\/fr\\\/issues-dispute-resolution\\\/\"},{\"@type\":\"ListItem\",\"position\":3,\"name\":\"R\u00e8glement des diff\u00e9rends\",\"item\":\"https:\\\/\\\/www.condoauthorityontario.ca\\\/fr\\\/issues-dispute-resolution\\\/dispute-resolution\\\/\"},{\"@type\":\"ListItem\",\"position\":4,\"name\":\"Processus du Tribunal\",\"item\":\"https:\\\/\\\/www.condoauthorityontario.ca\\\/fr\\\/issues-dispute-resolution\\\/dispute-resolution\\\/tribunal-process\\\/\"},{\"@type\":\"ListItem\",\"position\":5,\"name\":\"\u00c9tape 3 : D\u00e9cision du Tribunal\"}]},{\"@type\":\"WebSite\",\"@id\":\"https:\\\/\\\/www.condoauthorityontario.ca\\\/fr\\\/#website\",\"url\":\"https:\\\/\\\/www.condoauthorityontario.ca\\\/fr\\\/\",\"name\":\"Office ontarien du secteur des condominiums\",\"description\":\"\",\"potentialAction\":[{\"@type\":\"SearchAction\",\"target\":{\"@type\":\"EntryPoint\",\"urlTemplate\":\"https:\\\/\\\/www.condoauthorityontario.ca\\\/fr\\\/?s={search_term_string}\"},\"query-input\":{\"@type\":\"PropertyValueSpecification\",\"valueRequired\":true,\"valueName\":\"search_term_string\"}}],\"inLanguage\":\"fr-FR\"}]}<\/script>\n<!-- \/ Yoast SEO plugin. -->","yoast_head_json":{"title":"\u00c9tape 3 : D\u00e9cision du Tribunal - Office ontarien du secteur des condominiums","description":"Un membre du TASC sera d\u00e9sign\u00e9 pour tenir une audience en ligne o\u00f9 il prendra ensuite une d\u00e9cision et r\u00e9digera une ordonnance d\u00e9finitive \u00e0 laquelle les parties devront se conformer.","robots":{"index":"index","follow":"follow","max-snippet":"max-snippet:-1","max-image-preview":"max-image-preview:large","max-video-preview":"max-video-preview:-1"},"canonical":"https:\/\/www.condoauthorityontario.ca\/fr\/issues-dispute-resolution\/dispute-resolution\/tribunal-process\/stage-3-tribunal-decision\/","og_locale":"fr_FR","og_type":"article","og_title":"\u00c9tape 3 : D\u00e9cision du Tribunal - Office ontarien du secteur des condominiums","og_description":"Un membre du TASC sera d\u00e9sign\u00e9 pour tenir une audience en ligne o\u00f9 il prendra ensuite une d\u00e9cision et r\u00e9digera une ordonnance d\u00e9finitive \u00e0 laquelle les parties devront se conformer.","og_url":"https:\/\/www.condoauthorityontario.ca\/fr\/issues-dispute-resolution\/dispute-resolution\/tribunal-process\/stage-3-tribunal-decision\/","og_site_name":"Office ontarien du secteur des condominiums","article_modified_time":"2025-01-22T17:34:33+00:00","twitter_card":"summary_large_image","schema":{"@context":"https:\/\/schema.org","@graph":[{"@type":"WebPage","@id":"https:\/\/www.condoauthorityontario.ca\/fr\/issues-dispute-resolution\/dispute-resolution\/tribunal-process\/stage-3-tribunal-decision\/","url":"https:\/\/www.condoauthorityontario.ca\/fr\/issues-dispute-resolution\/dispute-resolution\/tribunal-process\/stage-3-tribunal-decision\/","name":"\u00c9tape 3 : D\u00e9cision du Tribunal - Office ontarien du secteur des condominiums","isPartOf":{"@id":"https:\/\/www.condoauthorityontario.ca\/fr\/#website"},"datePublished":"2023-06-08T15:34:13+00:00","dateModified":"2025-01-22T17:34:33+00:00","description":"Un membre du TASC sera d\u00e9sign\u00e9 pour tenir une audience en ligne o\u00f9 il prendra ensuite une d\u00e9cision et r\u00e9digera une ordonnance d\u00e9finitive \u00e0 laquelle les parties devront se conformer.","breadcrumb":{"@id":"https:\/\/www.condoauthorityontario.ca\/fr\/issues-dispute-resolution\/dispute-resolution\/tribunal-process\/stage-3-tribunal-decision\/#breadcrumb"},"inLanguage":"fr-FR","potentialAction":[{"@type":"ReadAction","target":["https:\/\/www.condoauthorityontario.ca\/fr\/issues-dispute-resolution\/dispute-resolution\/tribunal-process\/stage-3-tribunal-decision\/"]}]},{"@type":"BreadcrumbList","@id":"https:\/\/www.condoauthorityontario.ca\/fr\/issues-dispute-resolution\/dispute-resolution\/tribunal-process\/stage-3-tribunal-decision\/#breadcrumb","itemListElement":[{"@type":"ListItem","position":1,"name":"Accueil","item":"https:\/\/www.condoauthorityontario.ca\/fr\/"},{"@type":"ListItem","position":2,"name":"Probl\u00e8mes et r\u00e8glement des diff\u00e9rends","item":"https:\/\/www.condoauthorityontario.ca\/fr\/issues-dispute-resolution\/"},{"@type":"ListItem","position":3,"name":"R\u00e8glement des diff\u00e9rends","item":"https:\/\/www.condoauthorityontario.ca\/fr\/issues-dispute-resolution\/dispute-resolution\/"},{"@type":"ListItem","position":4,"name":"Processus du Tribunal","item":"https:\/\/www.condoauthorityontario.ca\/fr\/issues-dispute-resolution\/dispute-resolution\/tribunal-process\/"},{"@type":"ListItem","position":5,"name":"\u00c9tape 3 : D\u00e9cision du Tribunal"}]},{"@type":"WebSite","@id":"https:\/\/www.condoauthorityontario.ca\/fr\/#website","url":"https:\/\/www.condoauthorityontario.ca\/fr\/","name":"Office ontarien du secteur des condominiums","description":"","potentialAction":[{"@type":"SearchAction","target":{"@type":"EntryPoint","urlTemplate":"https:\/\/www.condoauthorityontario.ca\/fr\/?s={search_term_string}"},"query-input":{"@type":"PropertyValueSpecification","valueRequired":true,"valueName":"search_term_string"}}],"inLanguage":"fr-FR"}]}},"_links":{"self":[{"href":"https:\/\/www.condoauthorityontario.ca\/fr\/wp-json\/wp\/v2\/pages\/11878","targetHints":{"allow":["GET"]}}],"collection":[{"href":"https:\/\/www.condoauthorityontario.ca\/fr\/wp-json\/wp\/v2\/pages"}],"about":[{"href":"https:\/\/www.condoauthorityontario.ca\/fr\/wp-json\/wp\/v2\/types\/page"}],"author":[{"embeddable":true,"href":"https:\/\/www.condoauthorityontario.ca\/fr\/wp-json\/wp\/v2\/users\/9"}],"replies":[{"embeddable":true,"href":"https:\/\/www.condoauthorityontario.ca\/fr\/wp-json\/wp\/v2\/comments?post=11878"}],"version-history":[{"count":0,"href":"https:\/\/www.condoauthorityontario.ca\/fr\/wp-json\/wp\/v2\/pages\/11878\/revisions"}],"up":[{"embeddable":true,"href":"https:\/\/www.condoauthorityontario.ca\/fr\/wp-json\/wp\/v2\/pages\/11790"}],"wp:attachment":[{"href":"https:\/\/www.condoauthorityontario.ca\/fr\/wp-json\/wp\/v2\/media?parent=11878"}],"curies":[{"name":"wp","href":"https:\/\/api.w.org\/{rel}","templated":true}]}}