{"id":11788,"date":"2023-06-05T16:00:48","date_gmt":"2023-06-05T20:00:48","guid":{"rendered":"https:\/\/www.condoauthorityontario.ca\/dispute-resolution\/"},"modified":"2026-01-27T10:39:54","modified_gmt":"2026-01-27T15:39:54","slug":"dispute-resolution","status":"publish","type":"page","link":"https:\/\/www.condoauthorityontario.ca\/fr\/issues-dispute-resolution\/dispute-resolution\/","title":{"rendered":"R\u00e8glement des diff\u00e9rends"},"content":{"rendered":"","protected":false},"excerpt":{"rendered":"","protected":false},"author":9,"featured_media":0,"parent":12547,"menu_order":0,"comment_status":"closed","ping_status":"closed","template":"","meta":{"_acf_changed":false,"_lmt_disableupdate":"no","_lmt_disable":"","_monsterinsights_skip_tracking":false,"_monsterinsights_sitenote_active":false,"_monsterinsights_sitenote_note":"","_monsterinsights_sitenote_category":0,"footnotes":"","_wp_rev_ctl_limit":""},"class_list":["post-11788","page","type-page","status-publish","hentry"],"acf":[],"yoast_head":"<!-- This site is optimized with the Yoast SEO plugin v27.4 - https:\/\/yoast.com\/product\/yoast-seo-wordpress\/ -->\n<title>R\u00e8glement des diff\u00e9rends - Office ontarien du secteur des condominiums<\/title>\n<meta name=\"description\" content=\"R\u00e9solvez les probl\u00e8mes communs des condos de mani\u00e8re rapide et peu co\u00fbteuse par l\u2019interm\u00e9diaire du Tribunal de l\u2019autorit\u00e9 du secteur des condominiums.\" \/>\n<meta name=\"robots\" content=\"index, follow, max-snippet:-1, max-image-preview:large, max-video-preview:-1\" \/>\n<link rel=\"canonical\" href=\"https:\/\/www.condoauthorityontario.ca\/fr\/issues-dispute-resolution\/dispute-resolution\/\" \/>\n<meta property=\"og:locale\" content=\"fr_FR\" \/>\n<meta property=\"og:type\" content=\"article\" \/>\n<meta property=\"og:title\" content=\"R\u00e8glement des diff\u00e9rends - Office ontarien du secteur des condominiums\" \/>\n<meta property=\"og:description\" content=\"R\u00e9solvez les probl\u00e8mes communs des condos de mani\u00e8re rapide et peu co\u00fbteuse par l\u2019interm\u00e9diaire du Tribunal de l\u2019autorit\u00e9 du secteur des condominiums.\" \/>\n<meta property=\"og:url\" content=\"https:\/\/www.condoauthorityontario.ca\/fr\/issues-dispute-resolution\/dispute-resolution\/\" \/>\n<meta property=\"og:site_name\" content=\"Office ontarien du secteur des condominiums\" \/>\n<meta property=\"article:modified_time\" content=\"2026-01-27T15:39:54+00:00\" \/>\n<meta name=\"twitter:card\" content=\"summary_large_image\" \/>\n<script type=\"application\/ld+json\" class=\"yoast-schema-graph\">{\"@context\":\"https:\\\/\\\/schema.org\",\"@graph\":[{\"@type\":\"WebPage\",\"@id\":\"https:\\\/\\\/www.condoauthorityontario.ca\\\/fr\\\/issues-dispute-resolution\\\/dispute-resolution\\\/\",\"url\":\"https:\\\/\\\/www.condoauthorityontario.ca\\\/fr\\\/issues-dispute-resolution\\\/dispute-resolution\\\/\",\"name\":\"R\u00e8glement des diff\u00e9rends - Office ontarien du secteur des condominiums\",\"isPartOf\":{\"@id\":\"https:\\\/\\\/www.condoauthorityontario.ca\\\/fr\\\/#website\"},\"datePublished\":\"2023-06-05T20:00:48+00:00\",\"dateModified\":\"2026-01-27T15:39:54+00:00\",\"description\":\"R\u00e9solvez les probl\u00e8mes communs des condos de mani\u00e8re rapide et peu co\u00fbteuse par l\u2019interm\u00e9diaire du Tribunal de l\u2019autorit\u00e9 du secteur des condominiums.\",\"breadcrumb\":{\"@id\":\"https:\\\/\\\/www.condoauthorityontario.ca\\\/fr\\\/issues-dispute-resolution\\\/dispute-resolution\\\/#breadcrumb\"},\"inLanguage\":\"fr-FR\",\"potentialAction\":[{\"@type\":\"ReadAction\",\"target\":[\"https:\\\/\\\/www.condoauthorityontario.ca\\\/fr\\\/issues-dispute-resolution\\\/dispute-resolution\\\/\"]}]},{\"@type\":\"BreadcrumbList\",\"@id\":\"https:\\\/\\\/www.condoauthorityontario.ca\\\/fr\\\/issues-dispute-resolution\\\/dispute-resolution\\\/#breadcrumb\",\"itemListElement\":[{\"@type\":\"ListItem\",\"position\":1,\"name\":\"Accueil\",\"item\":\"https:\\\/\\\/www.condoauthorityontario.ca\\\/fr\\\/\"},{\"@type\":\"ListItem\",\"position\":2,\"name\":\"Probl\u00e8mes et r\u00e8glement des diff\u00e9rends\",\"item\":\"https:\\\/\\\/www.condoauthorityontario.ca\\\/fr\\\/issues-dispute-resolution\\\/\"},{\"@type\":\"ListItem\",\"position\":3,\"name\":\"R\u00e8glement des diff\u00e9rends\"}]},{\"@type\":\"WebSite\",\"@id\":\"https:\\\/\\\/www.condoauthorityontario.ca\\\/fr\\\/#website\",\"url\":\"https:\\\/\\\/www.condoauthorityontario.ca\\\/fr\\\/\",\"name\":\"Office ontarien du secteur des condominiums\",\"description\":\"\",\"potentialAction\":[{\"@type\":\"SearchAction\",\"target\":{\"@type\":\"EntryPoint\",\"urlTemplate\":\"https:\\\/\\\/www.condoauthorityontario.ca\\\/fr\\\/?s={search_term_string}\"},\"query-input\":{\"@type\":\"PropertyValueSpecification\",\"valueRequired\":true,\"valueName\":\"search_term_string\"}}],\"inLanguage\":\"fr-FR\"}]}<\/script>\n<!-- \/ Yoast SEO plugin. -->","yoast_head_json":{"title":"R\u00e8glement des diff\u00e9rends - Office ontarien du secteur des condominiums","description":"R\u00e9solvez les probl\u00e8mes communs des condos de mani\u00e8re rapide et peu co\u00fbteuse par l\u2019interm\u00e9diaire du Tribunal de l\u2019autorit\u00e9 du secteur des condominiums.","robots":{"index":"index","follow":"follow","max-snippet":"max-snippet:-1","max-image-preview":"max-image-preview:large","max-video-preview":"max-video-preview:-1"},"canonical":"https:\/\/www.condoauthorityontario.ca\/fr\/issues-dispute-resolution\/dispute-resolution\/","og_locale":"fr_FR","og_type":"article","og_title":"R\u00e8glement des diff\u00e9rends - Office ontarien du secteur des condominiums","og_description":"R\u00e9solvez les probl\u00e8mes communs des condos de mani\u00e8re rapide et peu co\u00fbteuse par l\u2019interm\u00e9diaire du Tribunal de l\u2019autorit\u00e9 du secteur des condominiums.","og_url":"https:\/\/www.condoauthorityontario.ca\/fr\/issues-dispute-resolution\/dispute-resolution\/","og_site_name":"Office ontarien du secteur des condominiums","article_modified_time":"2026-01-27T15:39:54+00:00","twitter_card":"summary_large_image","schema":{"@context":"https:\/\/schema.org","@graph":[{"@type":"WebPage","@id":"https:\/\/www.condoauthorityontario.ca\/fr\/issues-dispute-resolution\/dispute-resolution\/","url":"https:\/\/www.condoauthorityontario.ca\/fr\/issues-dispute-resolution\/dispute-resolution\/","name":"R\u00e8glement des diff\u00e9rends - Office ontarien du secteur des condominiums","isPartOf":{"@id":"https:\/\/www.condoauthorityontario.ca\/fr\/#website"},"datePublished":"2023-06-05T20:00:48+00:00","dateModified":"2026-01-27T15:39:54+00:00","description":"R\u00e9solvez les probl\u00e8mes communs des condos de mani\u00e8re rapide et peu co\u00fbteuse par l\u2019interm\u00e9diaire du Tribunal de l\u2019autorit\u00e9 du secteur des condominiums.","breadcrumb":{"@id":"https:\/\/www.condoauthorityontario.ca\/fr\/issues-dispute-resolution\/dispute-resolution\/#breadcrumb"},"inLanguage":"fr-FR","potentialAction":[{"@type":"ReadAction","target":["https:\/\/www.condoauthorityontario.ca\/fr\/issues-dispute-resolution\/dispute-resolution\/"]}]},{"@type":"BreadcrumbList","@id":"https:\/\/www.condoauthorityontario.ca\/fr\/issues-dispute-resolution\/dispute-resolution\/#breadcrumb","itemListElement":[{"@type":"ListItem","position":1,"name":"Accueil","item":"https:\/\/www.condoauthorityontario.ca\/fr\/"},{"@type":"ListItem","position":2,"name":"Probl\u00e8mes et r\u00e8glement des diff\u00e9rends","item":"https:\/\/www.condoauthorityontario.ca\/fr\/issues-dispute-resolution\/"},{"@type":"ListItem","position":3,"name":"R\u00e8glement des diff\u00e9rends"}]},{"@type":"WebSite","@id":"https:\/\/www.condoauthorityontario.ca\/fr\/#website","url":"https:\/\/www.condoauthorityontario.ca\/fr\/","name":"Office ontarien du secteur des condominiums","description":"","potentialAction":[{"@type":"SearchAction","target":{"@type":"EntryPoint","urlTemplate":"https:\/\/www.condoauthorityontario.ca\/fr\/?s={search_term_string}"},"query-input":{"@type":"PropertyValueSpecification","valueRequired":true,"valueName":"search_term_string"}}],"inLanguage":"fr-FR"}]}},"_links":{"self":[{"href":"https:\/\/www.condoauthorityontario.ca\/fr\/wp-json\/wp\/v2\/pages\/11788","targetHints":{"allow":["GET"]}}],"collection":[{"href":"https:\/\/www.condoauthorityontario.ca\/fr\/wp-json\/wp\/v2\/pages"}],"about":[{"href":"https:\/\/www.condoauthorityontario.ca\/fr\/wp-json\/wp\/v2\/types\/page"}],"author":[{"embeddable":true,"href":"https:\/\/www.condoauthorityontario.ca\/fr\/wp-json\/wp\/v2\/users\/9"}],"replies":[{"embeddable":true,"href":"https:\/\/www.condoauthorityontario.ca\/fr\/wp-json\/wp\/v2\/comments?post=11788"}],"version-history":[{"count":0,"href":"https:\/\/www.condoauthorityontario.ca\/fr\/wp-json\/wp\/v2\/pages\/11788\/revisions"}],"up":[{"embeddable":true,"href":"https:\/\/www.condoauthorityontario.ca\/fr\/wp-json\/wp\/v2\/pages\/12547"}],"wp:attachment":[{"href":"https:\/\/www.condoauthorityontario.ca\/fr\/wp-json\/wp\/v2\/media?parent=11788"}],"curies":[{"name":"wp","href":"https:\/\/api.w.org\/{rel}","templated":true}]}}