{"id":11604,"date":"2023-04-03T19:41:07","date_gmt":"2023-04-03T23:41:07","guid":{"rendered":"https:\/\/www.condoauthorityontario.ca\/condo-living\/roles-responsibilities\/what-condo-managers-do\/"},"modified":"2023-09-15T15:16:33","modified_gmt":"2023-09-15T19:16:33","slug":"what-condo-managers-do","status":"publish","type":"page","link":"https:\/\/www.condoauthorityontario.ca\/fr\/condo-living\/roles-responsibilities\/what-condo-managers-do\/","title":{"rendered":"Ce que font les gestionnaires de condos"},"content":{"rendered":"","protected":false},"excerpt":{"rendered":"","protected":false},"author":9,"featured_media":0,"parent":11574,"menu_order":2,"comment_status":"closed","ping_status":"closed","template":"","meta":{"_acf_changed":false,"_lmt_disableupdate":"","_lmt_disable":"","_monsterinsights_skip_tracking":false,"_monsterinsights_sitenote_active":false,"_monsterinsights_sitenote_note":"","_monsterinsights_sitenote_category":0,"footnotes":"","_wp_rev_ctl_limit":""},"class_list":["post-11604","page","type-page","status-publish","hentry"],"acf":[],"yoast_head":"<!-- This site is optimized with the Yoast SEO plugin v27.3 - https:\/\/yoast.com\/product\/yoast-seo-wordpress\/ -->\n<title>Ce que font les gestionnaires de condos - Office ontarien du secteur des condominiums<\/title>\n<meta name=\"description\" content=\"Qu\u2019est-ce qu\u2019un gestionnaire de condo et ses r\u00f4les et responsabilit\u00e9s. \u00c0 qui pr\u00e9cis\u00e9ment il doit rendre des comptes.\" \/>\n<meta name=\"robots\" content=\"index, follow, max-snippet:-1, max-image-preview:large, max-video-preview:-1\" \/>\n<link rel=\"canonical\" href=\"https:\/\/www.condoauthorityontario.ca\/fr\/condo-living\/roles-responsibilities\/what-condo-managers-do\/\" \/>\n<meta property=\"og:locale\" content=\"fr_FR\" \/>\n<meta property=\"og:type\" content=\"article\" \/>\n<meta property=\"og:title\" content=\"Ce que font les gestionnaires de condos - Office ontarien du secteur des condominiums\" \/>\n<meta property=\"og:description\" content=\"Qu\u2019est-ce qu\u2019un gestionnaire de condo et ses r\u00f4les et responsabilit\u00e9s. \u00c0 qui pr\u00e9cis\u00e9ment il doit rendre des comptes.\" \/>\n<meta property=\"og:url\" content=\"https:\/\/www.condoauthorityontario.ca\/fr\/condo-living\/roles-responsibilities\/what-condo-managers-do\/\" \/>\n<meta property=\"og:site_name\" content=\"Office ontarien du secteur des condominiums\" \/>\n<meta property=\"article:modified_time\" content=\"2023-09-15T19:16:33+00:00\" \/>\n<meta name=\"twitter:card\" content=\"summary_large_image\" \/>\n<script type=\"application\/ld+json\" class=\"yoast-schema-graph\">{\"@context\":\"https:\\\/\\\/schema.org\",\"@graph\":[{\"@type\":\"WebPage\",\"@id\":\"https:\\\/\\\/www.condoauthorityontario.ca\\\/fr\\\/condo-living\\\/roles-responsibilities\\\/what-condo-managers-do\\\/\",\"url\":\"https:\\\/\\\/www.condoauthorityontario.ca\\\/fr\\\/condo-living\\\/roles-responsibilities\\\/what-condo-managers-do\\\/\",\"name\":\"Ce que font les gestionnaires de condos - Office ontarien du secteur des condominiums\",\"isPartOf\":{\"@id\":\"https:\\\/\\\/www.condoauthorityontario.ca\\\/fr\\\/#website\"},\"datePublished\":\"2023-04-03T23:41:07+00:00\",\"dateModified\":\"2023-09-15T19:16:33+00:00\",\"description\":\"Qu\u2019est-ce qu\u2019un gestionnaire de condo et ses r\u00f4les et responsabilit\u00e9s. \u00c0 qui pr\u00e9cis\u00e9ment il doit rendre des comptes.\",\"breadcrumb\":{\"@id\":\"https:\\\/\\\/www.condoauthorityontario.ca\\\/fr\\\/condo-living\\\/roles-responsibilities\\\/what-condo-managers-do\\\/#breadcrumb\"},\"inLanguage\":\"fr-FR\",\"potentialAction\":[{\"@type\":\"ReadAction\",\"target\":[\"https:\\\/\\\/www.condoauthorityontario.ca\\\/fr\\\/condo-living\\\/roles-responsibilities\\\/what-condo-managers-do\\\/\"]}]},{\"@type\":\"BreadcrumbList\",\"@id\":\"https:\\\/\\\/www.condoauthorityontario.ca\\\/fr\\\/condo-living\\\/roles-responsibilities\\\/what-condo-managers-do\\\/#breadcrumb\",\"itemListElement\":[{\"@type\":\"ListItem\",\"position\":1,\"name\":\"Accueil\",\"item\":\"https:\\\/\\\/www.condoauthorityontario.ca\\\/fr\\\/\"},{\"@type\":\"ListItem\",\"position\":2,\"name\":\"Vie en condo\",\"item\":\"https:\\\/\\\/www.condoauthorityontario.ca\\\/fr\\\/condo-living\\\/\"},{\"@type\":\"ListItem\",\"position\":3,\"name\":\"R\u00f4les et responsabilit\u00e9s\",\"item\":\"https:\\\/\\\/www.condoauthorityontario.ca\\\/fr\\\/condo-living\\\/roles-responsibilities\\\/\"},{\"@type\":\"ListItem\",\"position\":4,\"name\":\"Ce que font les gestionnaires de condos\"}]},{\"@type\":\"WebSite\",\"@id\":\"https:\\\/\\\/www.condoauthorityontario.ca\\\/fr\\\/#website\",\"url\":\"https:\\\/\\\/www.condoauthorityontario.ca\\\/fr\\\/\",\"name\":\"Office ontarien du secteur des condominiums\",\"description\":\"\",\"potentialAction\":[{\"@type\":\"SearchAction\",\"target\":{\"@type\":\"EntryPoint\",\"urlTemplate\":\"https:\\\/\\\/www.condoauthorityontario.ca\\\/fr\\\/?s={search_term_string}\"},\"query-input\":{\"@type\":\"PropertyValueSpecification\",\"valueRequired\":true,\"valueName\":\"search_term_string\"}}],\"inLanguage\":\"fr-FR\"}]}<\/script>\n<!-- \/ Yoast SEO plugin. -->","yoast_head_json":{"title":"Ce que font les gestionnaires de condos - Office ontarien du secteur des condominiums","description":"Qu\u2019est-ce qu\u2019un gestionnaire de condo et ses r\u00f4les et responsabilit\u00e9s. \u00c0 qui pr\u00e9cis\u00e9ment il doit rendre des comptes.","robots":{"index":"index","follow":"follow","max-snippet":"max-snippet:-1","max-image-preview":"max-image-preview:large","max-video-preview":"max-video-preview:-1"},"canonical":"https:\/\/www.condoauthorityontario.ca\/fr\/condo-living\/roles-responsibilities\/what-condo-managers-do\/","og_locale":"fr_FR","og_type":"article","og_title":"Ce que font les gestionnaires de condos - Office ontarien du secteur des condominiums","og_description":"Qu\u2019est-ce qu\u2019un gestionnaire de condo et ses r\u00f4les et responsabilit\u00e9s. \u00c0 qui pr\u00e9cis\u00e9ment il doit rendre des comptes.","og_url":"https:\/\/www.condoauthorityontario.ca\/fr\/condo-living\/roles-responsibilities\/what-condo-managers-do\/","og_site_name":"Office ontarien du secteur des condominiums","article_modified_time":"2023-09-15T19:16:33+00:00","twitter_card":"summary_large_image","schema":{"@context":"https:\/\/schema.org","@graph":[{"@type":"WebPage","@id":"https:\/\/www.condoauthorityontario.ca\/fr\/condo-living\/roles-responsibilities\/what-condo-managers-do\/","url":"https:\/\/www.condoauthorityontario.ca\/fr\/condo-living\/roles-responsibilities\/what-condo-managers-do\/","name":"Ce que font les gestionnaires de condos - Office ontarien du secteur des condominiums","isPartOf":{"@id":"https:\/\/www.condoauthorityontario.ca\/fr\/#website"},"datePublished":"2023-04-03T23:41:07+00:00","dateModified":"2023-09-15T19:16:33+00:00","description":"Qu\u2019est-ce qu\u2019un gestionnaire de condo et ses r\u00f4les et responsabilit\u00e9s. \u00c0 qui pr\u00e9cis\u00e9ment il doit rendre des comptes.","breadcrumb":{"@id":"https:\/\/www.condoauthorityontario.ca\/fr\/condo-living\/roles-responsibilities\/what-condo-managers-do\/#breadcrumb"},"inLanguage":"fr-FR","potentialAction":[{"@type":"ReadAction","target":["https:\/\/www.condoauthorityontario.ca\/fr\/condo-living\/roles-responsibilities\/what-condo-managers-do\/"]}]},{"@type":"BreadcrumbList","@id":"https:\/\/www.condoauthorityontario.ca\/fr\/condo-living\/roles-responsibilities\/what-condo-managers-do\/#breadcrumb","itemListElement":[{"@type":"ListItem","position":1,"name":"Accueil","item":"https:\/\/www.condoauthorityontario.ca\/fr\/"},{"@type":"ListItem","position":2,"name":"Vie en condo","item":"https:\/\/www.condoauthorityontario.ca\/fr\/condo-living\/"},{"@type":"ListItem","position":3,"name":"R\u00f4les et responsabilit\u00e9s","item":"https:\/\/www.condoauthorityontario.ca\/fr\/condo-living\/roles-responsibilities\/"},{"@type":"ListItem","position":4,"name":"Ce que font les gestionnaires de condos"}]},{"@type":"WebSite","@id":"https:\/\/www.condoauthorityontario.ca\/fr\/#website","url":"https:\/\/www.condoauthorityontario.ca\/fr\/","name":"Office ontarien du secteur des condominiums","description":"","potentialAction":[{"@type":"SearchAction","target":{"@type":"EntryPoint","urlTemplate":"https:\/\/www.condoauthorityontario.ca\/fr\/?s={search_term_string}"},"query-input":{"@type":"PropertyValueSpecification","valueRequired":true,"valueName":"search_term_string"}}],"inLanguage":"fr-FR"}]}},"_links":{"self":[{"href":"https:\/\/www.condoauthorityontario.ca\/fr\/wp-json\/wp\/v2\/pages\/11604","targetHints":{"allow":["GET"]}}],"collection":[{"href":"https:\/\/www.condoauthorityontario.ca\/fr\/wp-json\/wp\/v2\/pages"}],"about":[{"href":"https:\/\/www.condoauthorityontario.ca\/fr\/wp-json\/wp\/v2\/types\/page"}],"author":[{"embeddable":true,"href":"https:\/\/www.condoauthorityontario.ca\/fr\/wp-json\/wp\/v2\/users\/9"}],"replies":[{"embeddable":true,"href":"https:\/\/www.condoauthorityontario.ca\/fr\/wp-json\/wp\/v2\/comments?post=11604"}],"version-history":[{"count":0,"href":"https:\/\/www.condoauthorityontario.ca\/fr\/wp-json\/wp\/v2\/pages\/11604\/revisions"}],"up":[{"embeddable":true,"href":"https:\/\/www.condoauthorityontario.ca\/fr\/wp-json\/wp\/v2\/pages\/11574"}],"wp:attachment":[{"href":"https:\/\/www.condoauthorityontario.ca\/fr\/wp-json\/wp\/v2\/media?parent=11604"}],"curies":[{"name":"wp","href":"https:\/\/api.w.org\/{rel}","templated":true}]}}