{"id":11352,"date":"2023-04-03T17:41:14","date_gmt":"2023-04-03T21:41:14","guid":{"rendered":"https:\/\/www.condoauthorityontario.ca\/before-you-buy-or-rent\/buying-a-condo\/"},"modified":"2025-06-30T13:56:42","modified_gmt":"2025-06-30T17:56:42","slug":"buying-a-condo","status":"publish","type":"page","link":"https:\/\/www.condoauthorityontario.ca\/fr\/before-you-buy-or-rent\/buying-a-condo\/","title":{"rendered":"Acheter un condo"},"content":{"rendered":"","protected":false},"excerpt":{"rendered":"","protected":false},"author":9,"featured_media":0,"parent":11344,"menu_order":2,"comment_status":"closed","ping_status":"closed","template":"","meta":{"_acf_changed":false,"_lmt_disableupdate":"no","_lmt_disable":"","_monsterinsights_skip_tracking":false,"_monsterinsights_sitenote_active":false,"_monsterinsights_sitenote_note":"","_monsterinsights_sitenote_category":0,"footnotes":"","_wp_rev_ctl_limit":""},"class_list":["post-11352","page","type-page","status-publish","hentry"],"acf":[],"yoast_head":"<!-- This site is optimized with the Yoast SEO plugin v27.3 - https:\/\/yoast.com\/product\/yoast-seo-wordpress\/ -->\n<title>Acheter un condo - Office ontarien du secteur des condominiums<\/title>\n<meta name=\"description\" content=\"\u00c0 la recherche ? Voici le meilleur point de d\u00e9part lorsque vous cherchez \u00e0 acqu\u00e9rir un condo, que s&#039;agit de votre premi\u00e8re fois ou pas.\" \/>\n<meta name=\"robots\" content=\"index, follow, max-snippet:-1, max-image-preview:large, max-video-preview:-1\" \/>\n<link rel=\"canonical\" href=\"https:\/\/www.condoauthorityontario.ca\/fr\/before-you-buy-or-rent\/buying-a-condo\/\" \/>\n<meta property=\"og:locale\" content=\"fr_FR\" \/>\n<meta property=\"og:type\" content=\"article\" \/>\n<meta property=\"og:title\" content=\"Acheter un condo - Office ontarien du secteur des condominiums\" \/>\n<meta property=\"og:description\" content=\"\u00c0 la recherche ? Voici le meilleur point de d\u00e9part lorsque vous cherchez \u00e0 acqu\u00e9rir un condo, que s&#039;agit de votre premi\u00e8re fois ou pas.\" \/>\n<meta property=\"og:url\" content=\"https:\/\/www.condoauthorityontario.ca\/fr\/before-you-buy-or-rent\/buying-a-condo\/\" \/>\n<meta property=\"og:site_name\" content=\"Office ontarien du secteur des condominiums\" \/>\n<meta property=\"article:modified_time\" content=\"2025-06-30T17:56:42+00:00\" \/>\n<meta name=\"twitter:card\" content=\"summary_large_image\" \/>\n<script type=\"application\/ld+json\" class=\"yoast-schema-graph\">{\"@context\":\"https:\\\/\\\/schema.org\",\"@graph\":[{\"@type\":\"WebPage\",\"@id\":\"https:\\\/\\\/www.condoauthorityontario.ca\\\/fr\\\/before-you-buy-or-rent\\\/buying-a-condo\\\/\",\"url\":\"https:\\\/\\\/www.condoauthorityontario.ca\\\/fr\\\/before-you-buy-or-rent\\\/buying-a-condo\\\/\",\"name\":\"Acheter un condo - Office ontarien du secteur des condominiums\",\"isPartOf\":{\"@id\":\"https:\\\/\\\/www.condoauthorityontario.ca\\\/fr\\\/#website\"},\"datePublished\":\"2023-04-03T21:41:14+00:00\",\"dateModified\":\"2025-06-30T17:56:42+00:00\",\"description\":\"\u00c0 la recherche ? Voici le meilleur point de d\u00e9part lorsque vous cherchez \u00e0 acqu\u00e9rir un condo, que s'agit de votre premi\u00e8re fois ou pas.\",\"breadcrumb\":{\"@id\":\"https:\\\/\\\/www.condoauthorityontario.ca\\\/fr\\\/before-you-buy-or-rent\\\/buying-a-condo\\\/#breadcrumb\"},\"inLanguage\":\"fr-FR\",\"potentialAction\":[{\"@type\":\"ReadAction\",\"target\":[\"https:\\\/\\\/www.condoauthorityontario.ca\\\/fr\\\/before-you-buy-or-rent\\\/buying-a-condo\\\/\"]}]},{\"@type\":\"BreadcrumbList\",\"@id\":\"https:\\\/\\\/www.condoauthorityontario.ca\\\/fr\\\/before-you-buy-or-rent\\\/buying-a-condo\\\/#breadcrumb\",\"itemListElement\":[{\"@type\":\"ListItem\",\"position\":1,\"name\":\"Accueil\",\"item\":\"https:\\\/\\\/www.condoauthorityontario.ca\\\/fr\\\/\"},{\"@type\":\"ListItem\",\"position\":2,\"name\":\"Avant d&#8217;acheter ou de louer\",\"item\":\"https:\\\/\\\/www.condoauthorityontario.ca\\\/fr\\\/before-you-buy-or-rent\\\/\"},{\"@type\":\"ListItem\",\"position\":3,\"name\":\"Acheter un condo\"}]},{\"@type\":\"WebSite\",\"@id\":\"https:\\\/\\\/www.condoauthorityontario.ca\\\/fr\\\/#website\",\"url\":\"https:\\\/\\\/www.condoauthorityontario.ca\\\/fr\\\/\",\"name\":\"Office ontarien du secteur des condominiums\",\"description\":\"\",\"potentialAction\":[{\"@type\":\"SearchAction\",\"target\":{\"@type\":\"EntryPoint\",\"urlTemplate\":\"https:\\\/\\\/www.condoauthorityontario.ca\\\/fr\\\/?s={search_term_string}\"},\"query-input\":{\"@type\":\"PropertyValueSpecification\",\"valueRequired\":true,\"valueName\":\"search_term_string\"}}],\"inLanguage\":\"fr-FR\"}]}<\/script>\n<!-- \/ Yoast SEO plugin. -->","yoast_head_json":{"title":"Acheter un condo - Office ontarien du secteur des condominiums","description":"\u00c0 la recherche ? Voici le meilleur point de d\u00e9part lorsque vous cherchez \u00e0 acqu\u00e9rir un condo, que s'agit de votre premi\u00e8re fois ou pas.","robots":{"index":"index","follow":"follow","max-snippet":"max-snippet:-1","max-image-preview":"max-image-preview:large","max-video-preview":"max-video-preview:-1"},"canonical":"https:\/\/www.condoauthorityontario.ca\/fr\/before-you-buy-or-rent\/buying-a-condo\/","og_locale":"fr_FR","og_type":"article","og_title":"Acheter un condo - Office ontarien du secteur des condominiums","og_description":"\u00c0 la recherche ? Voici le meilleur point de d\u00e9part lorsque vous cherchez \u00e0 acqu\u00e9rir un condo, que s'agit de votre premi\u00e8re fois ou pas.","og_url":"https:\/\/www.condoauthorityontario.ca\/fr\/before-you-buy-or-rent\/buying-a-condo\/","og_site_name":"Office ontarien du secteur des condominiums","article_modified_time":"2025-06-30T17:56:42+00:00","twitter_card":"summary_large_image","schema":{"@context":"https:\/\/schema.org","@graph":[{"@type":"WebPage","@id":"https:\/\/www.condoauthorityontario.ca\/fr\/before-you-buy-or-rent\/buying-a-condo\/","url":"https:\/\/www.condoauthorityontario.ca\/fr\/before-you-buy-or-rent\/buying-a-condo\/","name":"Acheter un condo - Office ontarien du secteur des condominiums","isPartOf":{"@id":"https:\/\/www.condoauthorityontario.ca\/fr\/#website"},"datePublished":"2023-04-03T21:41:14+00:00","dateModified":"2025-06-30T17:56:42+00:00","description":"\u00c0 la recherche ? Voici le meilleur point de d\u00e9part lorsque vous cherchez \u00e0 acqu\u00e9rir un condo, que s'agit de votre premi\u00e8re fois ou pas.","breadcrumb":{"@id":"https:\/\/www.condoauthorityontario.ca\/fr\/before-you-buy-or-rent\/buying-a-condo\/#breadcrumb"},"inLanguage":"fr-FR","potentialAction":[{"@type":"ReadAction","target":["https:\/\/www.condoauthorityontario.ca\/fr\/before-you-buy-or-rent\/buying-a-condo\/"]}]},{"@type":"BreadcrumbList","@id":"https:\/\/www.condoauthorityontario.ca\/fr\/before-you-buy-or-rent\/buying-a-condo\/#breadcrumb","itemListElement":[{"@type":"ListItem","position":1,"name":"Accueil","item":"https:\/\/www.condoauthorityontario.ca\/fr\/"},{"@type":"ListItem","position":2,"name":"Avant d&#8217;acheter ou de louer","item":"https:\/\/www.condoauthorityontario.ca\/fr\/before-you-buy-or-rent\/"},{"@type":"ListItem","position":3,"name":"Acheter un condo"}]},{"@type":"WebSite","@id":"https:\/\/www.condoauthorityontario.ca\/fr\/#website","url":"https:\/\/www.condoauthorityontario.ca\/fr\/","name":"Office ontarien du secteur des condominiums","description":"","potentialAction":[{"@type":"SearchAction","target":{"@type":"EntryPoint","urlTemplate":"https:\/\/www.condoauthorityontario.ca\/fr\/?s={search_term_string}"},"query-input":{"@type":"PropertyValueSpecification","valueRequired":true,"valueName":"search_term_string"}}],"inLanguage":"fr-FR"}]}},"_links":{"self":[{"href":"https:\/\/www.condoauthorityontario.ca\/fr\/wp-json\/wp\/v2\/pages\/11352","targetHints":{"allow":["GET"]}}],"collection":[{"href":"https:\/\/www.condoauthorityontario.ca\/fr\/wp-json\/wp\/v2\/pages"}],"about":[{"href":"https:\/\/www.condoauthorityontario.ca\/fr\/wp-json\/wp\/v2\/types\/page"}],"author":[{"embeddable":true,"href":"https:\/\/www.condoauthorityontario.ca\/fr\/wp-json\/wp\/v2\/users\/9"}],"replies":[{"embeddable":true,"href":"https:\/\/www.condoauthorityontario.ca\/fr\/wp-json\/wp\/v2\/comments?post=11352"}],"version-history":[{"count":0,"href":"https:\/\/www.condoauthorityontario.ca\/fr\/wp-json\/wp\/v2\/pages\/11352\/revisions"}],"up":[{"embeddable":true,"href":"https:\/\/www.condoauthorityontario.ca\/fr\/wp-json\/wp\/v2\/pages\/11344"}],"wp:attachment":[{"href":"https:\/\/www.condoauthorityontario.ca\/fr\/wp-json\/wp\/v2\/media?parent=11352"}],"curies":[{"name":"wp","href":"https:\/\/api.w.org\/{rel}","templated":true}]}}