{"id":11301,"date":"2023-04-04T15:26:16","date_gmt":"2023-04-04T19:26:16","guid":{"rendered":"https:\/\/www.condoauthorityontario.ca\/by-laws\/"},"modified":"2023-09-13T14:20:47","modified_gmt":"2023-09-13T18:20:47","slug":"by-laws","status":"publish","type":"page","link":"https:\/\/www.condoauthorityontario.ca\/fr\/before-you-buy-or-rent\/how-condos-work\/governing-documents\/by-laws\/","title":{"rendered":"R\u00e8glements administratifs"},"content":{"rendered":"","protected":false},"excerpt":{"rendered":"","protected":false},"author":7,"featured_media":0,"parent":11460,"menu_order":2,"comment_status":"closed","ping_status":"closed","template":"","meta":{"_acf_changed":false,"_lmt_disableupdate":"","_lmt_disable":"","_monsterinsights_skip_tracking":false,"_monsterinsights_sitenote_active":false,"_monsterinsights_sitenote_note":"","_monsterinsights_sitenote_category":0,"footnotes":"","_wp_rev_ctl_limit":""},"class_list":["post-11301","page","type-page","status-publish","hentry"],"acf":[],"yoast_head":"<!-- This site is optimized with the Yoast SEO plugin v27.3 - https:\/\/yoast.com\/product\/yoast-seo-wordpress\/ -->\n<title>R\u00e8glements administratifs - Office ontarien du secteur des condominiums<\/title>\n<meta name=\"description\" content=\"En savoir plus sur les r\u00e8glements administratifs des condos, un \u00e9l\u00e9ment important des documents constitutifs.\" \/>\n<meta name=\"robots\" content=\"index, follow, max-snippet:-1, max-image-preview:large, max-video-preview:-1\" \/>\n<link rel=\"canonical\" href=\"https:\/\/www.condoauthorityontario.ca\/fr\/before-you-buy-or-rent\/how-condos-work\/governing-documents\/by-laws\/\" \/>\n<meta property=\"og:locale\" content=\"fr_FR\" \/>\n<meta property=\"og:type\" content=\"article\" \/>\n<meta property=\"og:title\" content=\"R\u00e8glements administratifs - Office ontarien du secteur des condominiums\" \/>\n<meta property=\"og:description\" content=\"En savoir plus sur les r\u00e8glements administratifs des condos, un \u00e9l\u00e9ment important des documents constitutifs.\" \/>\n<meta property=\"og:url\" content=\"https:\/\/www.condoauthorityontario.ca\/fr\/before-you-buy-or-rent\/how-condos-work\/governing-documents\/by-laws\/\" \/>\n<meta property=\"og:site_name\" content=\"Office ontarien du secteur des condominiums\" \/>\n<meta property=\"article:modified_time\" content=\"2023-09-13T18:20:47+00:00\" \/>\n<meta name=\"twitter:card\" content=\"summary_large_image\" \/>\n<script type=\"application\/ld+json\" class=\"yoast-schema-graph\">{\"@context\":\"https:\\\/\\\/schema.org\",\"@graph\":[{\"@type\":\"WebPage\",\"@id\":\"https:\\\/\\\/www.condoauthorityontario.ca\\\/fr\\\/before-you-buy-or-rent\\\/how-condos-work\\\/governing-documents\\\/by-laws\\\/\",\"url\":\"https:\\\/\\\/www.condoauthorityontario.ca\\\/fr\\\/before-you-buy-or-rent\\\/how-condos-work\\\/governing-documents\\\/by-laws\\\/\",\"name\":\"R\u00e8glements administratifs - Office ontarien du secteur des condominiums\",\"isPartOf\":{\"@id\":\"https:\\\/\\\/www.condoauthorityontario.ca\\\/fr\\\/#website\"},\"datePublished\":\"2023-04-04T19:26:16+00:00\",\"dateModified\":\"2023-09-13T18:20:47+00:00\",\"description\":\"En savoir plus sur les r\u00e8glements administratifs des condos, un \u00e9l\u00e9ment important des documents constitutifs.\",\"breadcrumb\":{\"@id\":\"https:\\\/\\\/www.condoauthorityontario.ca\\\/fr\\\/before-you-buy-or-rent\\\/how-condos-work\\\/governing-documents\\\/by-laws\\\/#breadcrumb\"},\"inLanguage\":\"fr-FR\",\"potentialAction\":[{\"@type\":\"ReadAction\",\"target\":[\"https:\\\/\\\/www.condoauthorityontario.ca\\\/fr\\\/before-you-buy-or-rent\\\/how-condos-work\\\/governing-documents\\\/by-laws\\\/\"]}]},{\"@type\":\"BreadcrumbList\",\"@id\":\"https:\\\/\\\/www.condoauthorityontario.ca\\\/fr\\\/before-you-buy-or-rent\\\/how-condos-work\\\/governing-documents\\\/by-laws\\\/#breadcrumb\",\"itemListElement\":[{\"@type\":\"ListItem\",\"position\":1,\"name\":\"Accueil\",\"item\":\"https:\\\/\\\/www.condoauthorityontario.ca\\\/fr\\\/\"},{\"@type\":\"ListItem\",\"position\":2,\"name\":\"Avant d&#8217;acheter ou de louer\",\"item\":\"https:\\\/\\\/www.condoauthorityontario.ca\\\/fr\\\/before-you-buy-or-rent\\\/\"},{\"@type\":\"ListItem\",\"position\":3,\"name\":\"Comment fonctionnent les condos\",\"item\":\"https:\\\/\\\/www.condoauthorityontario.ca\\\/fr\\\/before-you-buy-or-rent\\\/how-condos-work\\\/\"},{\"@type\":\"ListItem\",\"position\":4,\"name\":\"Documents constitutifs\",\"item\":\"https:\\\/\\\/www.condoauthorityontario.ca\\\/fr\\\/before-you-buy-or-rent\\\/how-condos-work\\\/governing-documents\\\/\"},{\"@type\":\"ListItem\",\"position\":5,\"name\":\"R\u00e8glements administratifs\"}]},{\"@type\":\"WebSite\",\"@id\":\"https:\\\/\\\/www.condoauthorityontario.ca\\\/fr\\\/#website\",\"url\":\"https:\\\/\\\/www.condoauthorityontario.ca\\\/fr\\\/\",\"name\":\"Office ontarien du secteur des condominiums\",\"description\":\"\",\"potentialAction\":[{\"@type\":\"SearchAction\",\"target\":{\"@type\":\"EntryPoint\",\"urlTemplate\":\"https:\\\/\\\/www.condoauthorityontario.ca\\\/fr\\\/?s={search_term_string}\"},\"query-input\":{\"@type\":\"PropertyValueSpecification\",\"valueRequired\":true,\"valueName\":\"search_term_string\"}}],\"inLanguage\":\"fr-FR\"}]}<\/script>\n<!-- \/ Yoast SEO plugin. -->","yoast_head_json":{"title":"R\u00e8glements administratifs - Office ontarien du secteur des condominiums","description":"En savoir plus sur les r\u00e8glements administratifs des condos, un \u00e9l\u00e9ment important des documents constitutifs.","robots":{"index":"index","follow":"follow","max-snippet":"max-snippet:-1","max-image-preview":"max-image-preview:large","max-video-preview":"max-video-preview:-1"},"canonical":"https:\/\/www.condoauthorityontario.ca\/fr\/before-you-buy-or-rent\/how-condos-work\/governing-documents\/by-laws\/","og_locale":"fr_FR","og_type":"article","og_title":"R\u00e8glements administratifs - Office ontarien du secteur des condominiums","og_description":"En savoir plus sur les r\u00e8glements administratifs des condos, un \u00e9l\u00e9ment important des documents constitutifs.","og_url":"https:\/\/www.condoauthorityontario.ca\/fr\/before-you-buy-or-rent\/how-condos-work\/governing-documents\/by-laws\/","og_site_name":"Office ontarien du secteur des condominiums","article_modified_time":"2023-09-13T18:20:47+00:00","twitter_card":"summary_large_image","schema":{"@context":"https:\/\/schema.org","@graph":[{"@type":"WebPage","@id":"https:\/\/www.condoauthorityontario.ca\/fr\/before-you-buy-or-rent\/how-condos-work\/governing-documents\/by-laws\/","url":"https:\/\/www.condoauthorityontario.ca\/fr\/before-you-buy-or-rent\/how-condos-work\/governing-documents\/by-laws\/","name":"R\u00e8glements administratifs - Office ontarien du secteur des condominiums","isPartOf":{"@id":"https:\/\/www.condoauthorityontario.ca\/fr\/#website"},"datePublished":"2023-04-04T19:26:16+00:00","dateModified":"2023-09-13T18:20:47+00:00","description":"En savoir plus sur les r\u00e8glements administratifs des condos, un \u00e9l\u00e9ment important des documents constitutifs.","breadcrumb":{"@id":"https:\/\/www.condoauthorityontario.ca\/fr\/before-you-buy-or-rent\/how-condos-work\/governing-documents\/by-laws\/#breadcrumb"},"inLanguage":"fr-FR","potentialAction":[{"@type":"ReadAction","target":["https:\/\/www.condoauthorityontario.ca\/fr\/before-you-buy-or-rent\/how-condos-work\/governing-documents\/by-laws\/"]}]},{"@type":"BreadcrumbList","@id":"https:\/\/www.condoauthorityontario.ca\/fr\/before-you-buy-or-rent\/how-condos-work\/governing-documents\/by-laws\/#breadcrumb","itemListElement":[{"@type":"ListItem","position":1,"name":"Accueil","item":"https:\/\/www.condoauthorityontario.ca\/fr\/"},{"@type":"ListItem","position":2,"name":"Avant d&#8217;acheter ou de louer","item":"https:\/\/www.condoauthorityontario.ca\/fr\/before-you-buy-or-rent\/"},{"@type":"ListItem","position":3,"name":"Comment fonctionnent les condos","item":"https:\/\/www.condoauthorityontario.ca\/fr\/before-you-buy-or-rent\/how-condos-work\/"},{"@type":"ListItem","position":4,"name":"Documents constitutifs","item":"https:\/\/www.condoauthorityontario.ca\/fr\/before-you-buy-or-rent\/how-condos-work\/governing-documents\/"},{"@type":"ListItem","position":5,"name":"R\u00e8glements administratifs"}]},{"@type":"WebSite","@id":"https:\/\/www.condoauthorityontario.ca\/fr\/#website","url":"https:\/\/www.condoauthorityontario.ca\/fr\/","name":"Office ontarien du secteur des condominiums","description":"","potentialAction":[{"@type":"SearchAction","target":{"@type":"EntryPoint","urlTemplate":"https:\/\/www.condoauthorityontario.ca\/fr\/?s={search_term_string}"},"query-input":{"@type":"PropertyValueSpecification","valueRequired":true,"valueName":"search_term_string"}}],"inLanguage":"fr-FR"}]}},"_links":{"self":[{"href":"https:\/\/www.condoauthorityontario.ca\/fr\/wp-json\/wp\/v2\/pages\/11301","targetHints":{"allow":["GET"]}}],"collection":[{"href":"https:\/\/www.condoauthorityontario.ca\/fr\/wp-json\/wp\/v2\/pages"}],"about":[{"href":"https:\/\/www.condoauthorityontario.ca\/fr\/wp-json\/wp\/v2\/types\/page"}],"author":[{"embeddable":true,"href":"https:\/\/www.condoauthorityontario.ca\/fr\/wp-json\/wp\/v2\/users\/7"}],"replies":[{"embeddable":true,"href":"https:\/\/www.condoauthorityontario.ca\/fr\/wp-json\/wp\/v2\/comments?post=11301"}],"version-history":[{"count":0,"href":"https:\/\/www.condoauthorityontario.ca\/fr\/wp-json\/wp\/v2\/pages\/11301\/revisions"}],"up":[{"embeddable":true,"href":"https:\/\/www.condoauthorityontario.ca\/fr\/wp-json\/wp\/v2\/pages\/11460"}],"wp:attachment":[{"href":"https:\/\/www.condoauthorityontario.ca\/fr\/wp-json\/wp\/v2\/media?parent=11301"}],"curies":[{"name":"wp","href":"https:\/\/api.w.org\/{rel}","templated":true}]}}