{"id":11279,"date":"2023-03-28T15:08:07","date_gmt":"2023-03-28T19:08:07","guid":{"rendered":"https:\/\/www.condoauthorityontario.ca\/?page_id=11279"},"modified":"2026-03-12T11:33:05","modified_gmt":"2026-03-12T15:33:05","slug":"chargebacks-fr","status":"publish","type":"page","link":"https:\/\/www.condoauthorityontario.ca\/fr\/before-you-buy-or-rent\/fees-and-finances\/chargebacks-fr\/","title":{"rendered":"R\u00e9trofacturations"},"content":{"rendered":"","protected":false},"excerpt":{"rendered":"","protected":false},"author":9,"featured_media":0,"parent":11526,"menu_order":3,"comment_status":"closed","ping_status":"closed","template":"","meta":{"_acf_changed":false,"_lmt_disableupdate":"no","_lmt_disable":"","_monsterinsights_skip_tracking":false,"_monsterinsights_sitenote_active":false,"_monsterinsights_sitenote_note":"","_monsterinsights_sitenote_category":0,"footnotes":"","_wp_rev_ctl_limit":""},"class_list":["post-11279","page","type-page","status-publish","hentry"],"acf":[],"yoast_head":"<!-- This site is optimized with the Yoast SEO plugin v27.4 - https:\/\/yoast.com\/product\/yoast-seo-wordpress\/ -->\n<title>R\u00e9trofacturations - Office ontarien du secteur des condominiums<\/title>\n<meta name=\"description\" content=\"Dans certains cas, l\u2019association condominiale facture les propri\u00e9taires des co\u00fbts suppl\u00e9mentaires pour la rembourser des dommages caus\u00e9s par eux ou leurs invit\u00e9s. En savoir plus dans cette page.\" \/>\n<meta name=\"robots\" content=\"index, follow, max-snippet:-1, max-image-preview:large, max-video-preview:-1\" \/>\n<link rel=\"canonical\" href=\"https:\/\/www.condoauthorityontario.ca\/fr\/before-you-buy-or-rent\/fees-and-finances\/chargebacks-fr\/\" \/>\n<meta property=\"og:locale\" content=\"fr_FR\" \/>\n<meta property=\"og:type\" content=\"article\" \/>\n<meta property=\"og:title\" content=\"R\u00e9trofacturations - Office ontarien du secteur des condominiums\" \/>\n<meta property=\"og:description\" content=\"Dans certains cas, l\u2019association condominiale facture les propri\u00e9taires des co\u00fbts suppl\u00e9mentaires pour la rembourser des dommages caus\u00e9s par eux ou leurs invit\u00e9s. En savoir plus dans cette page.\" \/>\n<meta property=\"og:url\" content=\"https:\/\/www.condoauthorityontario.ca\/fr\/before-you-buy-or-rent\/fees-and-finances\/chargebacks-fr\/\" \/>\n<meta property=\"og:site_name\" content=\"Office ontarien du secteur des condominiums\" \/>\n<meta property=\"article:modified_time\" content=\"2026-03-12T15:33:05+00:00\" \/>\n<meta name=\"twitter:card\" content=\"summary_large_image\" \/>\n<script type=\"application\/ld+json\" class=\"yoast-schema-graph\">{\"@context\":\"https:\\\/\\\/schema.org\",\"@graph\":[{\"@type\":\"WebPage\",\"@id\":\"https:\\\/\\\/www.condoauthorityontario.ca\\\/fr\\\/before-you-buy-or-rent\\\/fees-and-finances\\\/chargebacks-fr\\\/\",\"url\":\"https:\\\/\\\/www.condoauthorityontario.ca\\\/fr\\\/before-you-buy-or-rent\\\/fees-and-finances\\\/chargebacks-fr\\\/\",\"name\":\"R\u00e9trofacturations - Office ontarien du secteur des condominiums\",\"isPartOf\":{\"@id\":\"https:\\\/\\\/www.condoauthorityontario.ca\\\/fr\\\/#website\"},\"datePublished\":\"2023-03-28T19:08:07+00:00\",\"dateModified\":\"2026-03-12T15:33:05+00:00\",\"description\":\"Dans certains cas, l\u2019association condominiale facture les propri\u00e9taires des co\u00fbts suppl\u00e9mentaires pour la rembourser des dommages caus\u00e9s par eux ou leurs invit\u00e9s. En savoir plus dans cette page.\",\"breadcrumb\":{\"@id\":\"https:\\\/\\\/www.condoauthorityontario.ca\\\/fr\\\/before-you-buy-or-rent\\\/fees-and-finances\\\/chargebacks-fr\\\/#breadcrumb\"},\"inLanguage\":\"fr-FR\",\"potentialAction\":[{\"@type\":\"ReadAction\",\"target\":[\"https:\\\/\\\/www.condoauthorityontario.ca\\\/fr\\\/before-you-buy-or-rent\\\/fees-and-finances\\\/chargebacks-fr\\\/\"]}]},{\"@type\":\"BreadcrumbList\",\"@id\":\"https:\\\/\\\/www.condoauthorityontario.ca\\\/fr\\\/before-you-buy-or-rent\\\/fees-and-finances\\\/chargebacks-fr\\\/#breadcrumb\",\"itemListElement\":[{\"@type\":\"ListItem\",\"position\":1,\"name\":\"Accueil\",\"item\":\"https:\\\/\\\/www.condoauthorityontario.ca\\\/fr\\\/\"},{\"@type\":\"ListItem\",\"position\":2,\"name\":\"Avant d&#8217;acheter ou de louer\",\"item\":\"https:\\\/\\\/www.condoauthorityontario.ca\\\/fr\\\/before-you-buy-or-rent\\\/\"},{\"@type\":\"ListItem\",\"position\":3,\"name\":\"Frais et finances\",\"item\":\"https:\\\/\\\/www.condoauthorityontario.ca\\\/fr\\\/before-you-buy-or-rent\\\/fees-and-finances\\\/\"},{\"@type\":\"ListItem\",\"position\":4,\"name\":\"R\u00e9trofacturations\"}]},{\"@type\":\"WebSite\",\"@id\":\"https:\\\/\\\/www.condoauthorityontario.ca\\\/fr\\\/#website\",\"url\":\"https:\\\/\\\/www.condoauthorityontario.ca\\\/fr\\\/\",\"name\":\"Office ontarien du secteur des condominiums\",\"description\":\"\",\"potentialAction\":[{\"@type\":\"SearchAction\",\"target\":{\"@type\":\"EntryPoint\",\"urlTemplate\":\"https:\\\/\\\/www.condoauthorityontario.ca\\\/fr\\\/?s={search_term_string}\"},\"query-input\":{\"@type\":\"PropertyValueSpecification\",\"valueRequired\":true,\"valueName\":\"search_term_string\"}}],\"inLanguage\":\"fr-FR\"}]}<\/script>\n<!-- \/ Yoast SEO plugin. -->","yoast_head_json":{"title":"R\u00e9trofacturations - Office ontarien du secteur des condominiums","description":"Dans certains cas, l\u2019association condominiale facture les propri\u00e9taires des co\u00fbts suppl\u00e9mentaires pour la rembourser des dommages caus\u00e9s par eux ou leurs invit\u00e9s. En savoir plus dans cette page.","robots":{"index":"index","follow":"follow","max-snippet":"max-snippet:-1","max-image-preview":"max-image-preview:large","max-video-preview":"max-video-preview:-1"},"canonical":"https:\/\/www.condoauthorityontario.ca\/fr\/before-you-buy-or-rent\/fees-and-finances\/chargebacks-fr\/","og_locale":"fr_FR","og_type":"article","og_title":"R\u00e9trofacturations - Office ontarien du secteur des condominiums","og_description":"Dans certains cas, l\u2019association condominiale facture les propri\u00e9taires des co\u00fbts suppl\u00e9mentaires pour la rembourser des dommages caus\u00e9s par eux ou leurs invit\u00e9s. En savoir plus dans cette page.","og_url":"https:\/\/www.condoauthorityontario.ca\/fr\/before-you-buy-or-rent\/fees-and-finances\/chargebacks-fr\/","og_site_name":"Office ontarien du secteur des condominiums","article_modified_time":"2026-03-12T15:33:05+00:00","twitter_card":"summary_large_image","schema":{"@context":"https:\/\/schema.org","@graph":[{"@type":"WebPage","@id":"https:\/\/www.condoauthorityontario.ca\/fr\/before-you-buy-or-rent\/fees-and-finances\/chargebacks-fr\/","url":"https:\/\/www.condoauthorityontario.ca\/fr\/before-you-buy-or-rent\/fees-and-finances\/chargebacks-fr\/","name":"R\u00e9trofacturations - Office ontarien du secteur des condominiums","isPartOf":{"@id":"https:\/\/www.condoauthorityontario.ca\/fr\/#website"},"datePublished":"2023-03-28T19:08:07+00:00","dateModified":"2026-03-12T15:33:05+00:00","description":"Dans certains cas, l\u2019association condominiale facture les propri\u00e9taires des co\u00fbts suppl\u00e9mentaires pour la rembourser des dommages caus\u00e9s par eux ou leurs invit\u00e9s. En savoir plus dans cette page.","breadcrumb":{"@id":"https:\/\/www.condoauthorityontario.ca\/fr\/before-you-buy-or-rent\/fees-and-finances\/chargebacks-fr\/#breadcrumb"},"inLanguage":"fr-FR","potentialAction":[{"@type":"ReadAction","target":["https:\/\/www.condoauthorityontario.ca\/fr\/before-you-buy-or-rent\/fees-and-finances\/chargebacks-fr\/"]}]},{"@type":"BreadcrumbList","@id":"https:\/\/www.condoauthorityontario.ca\/fr\/before-you-buy-or-rent\/fees-and-finances\/chargebacks-fr\/#breadcrumb","itemListElement":[{"@type":"ListItem","position":1,"name":"Accueil","item":"https:\/\/www.condoauthorityontario.ca\/fr\/"},{"@type":"ListItem","position":2,"name":"Avant d&#8217;acheter ou de louer","item":"https:\/\/www.condoauthorityontario.ca\/fr\/before-you-buy-or-rent\/"},{"@type":"ListItem","position":3,"name":"Frais et finances","item":"https:\/\/www.condoauthorityontario.ca\/fr\/before-you-buy-or-rent\/fees-and-finances\/"},{"@type":"ListItem","position":4,"name":"R\u00e9trofacturations"}]},{"@type":"WebSite","@id":"https:\/\/www.condoauthorityontario.ca\/fr\/#website","url":"https:\/\/www.condoauthorityontario.ca\/fr\/","name":"Office ontarien du secteur des condominiums","description":"","potentialAction":[{"@type":"SearchAction","target":{"@type":"EntryPoint","urlTemplate":"https:\/\/www.condoauthorityontario.ca\/fr\/?s={search_term_string}"},"query-input":{"@type":"PropertyValueSpecification","valueRequired":true,"valueName":"search_term_string"}}],"inLanguage":"fr-FR"}]}},"_links":{"self":[{"href":"https:\/\/www.condoauthorityontario.ca\/fr\/wp-json\/wp\/v2\/pages\/11279","targetHints":{"allow":["GET"]}}],"collection":[{"href":"https:\/\/www.condoauthorityontario.ca\/fr\/wp-json\/wp\/v2\/pages"}],"about":[{"href":"https:\/\/www.condoauthorityontario.ca\/fr\/wp-json\/wp\/v2\/types\/page"}],"author":[{"embeddable":true,"href":"https:\/\/www.condoauthorityontario.ca\/fr\/wp-json\/wp\/v2\/users\/9"}],"replies":[{"embeddable":true,"href":"https:\/\/www.condoauthorityontario.ca\/fr\/wp-json\/wp\/v2\/comments?post=11279"}],"version-history":[{"count":1,"href":"https:\/\/www.condoauthorityontario.ca\/fr\/wp-json\/wp\/v2\/pages\/11279\/revisions"}],"predecessor-version":[{"id":23829,"href":"https:\/\/www.condoauthorityontario.ca\/fr\/wp-json\/wp\/v2\/pages\/11279\/revisions\/23829"}],"up":[{"embeddable":true,"href":"https:\/\/www.condoauthorityontario.ca\/fr\/wp-json\/wp\/v2\/pages\/11526"}],"wp:attachment":[{"href":"https:\/\/www.condoauthorityontario.ca\/fr\/wp-json\/wp\/v2\/media?parent=11279"}],"curies":[{"name":"wp","href":"https:\/\/api.w.org\/{rel}","templated":true}]}}